{"id":1020,"date":"2026-01-09T08:59:18","date_gmt":"2026-01-09T08:59:18","guid":{"rendered":"https:\/\/uplift.kybrows.eu\/?page_id=1020"},"modified":"2026-02-23T22:45:58","modified_gmt":"2026-02-23T20:45:58","slug":"courses","status":"publish","type":"page","link":"https:\/\/kybrows.eu\/en\/vzdelavanie\/","title":{"rendered":"Courses"},"content":{"rendered":"<section class=\"bde-section-1020-100 bde-section\">\n  \n  \n\t\n\n\n\n<div class=\"section-container\"><div class=\"bde-div-1020-101 bde-div page-title\">\n  \n  \n\t\n\n\n\n<h1 class=\"bde-heading-1020-103 bde-heading special-title\">\nCourses\n<\/h1>\n<\/div><\/div>\n<\/section><section class=\"bde-section-1020-104 bde-section\">\n  \n  \n\t\n\n\n\n<div class=\"section-container\"><div class=\"bde-rich-text-1020-105 bde-rich-text breakdance-rich-text-styles\">\n<p class=\"cvGsUA direction-ltr align-start para-style-body translation-block\"><span class=\"OYPEnA font-feature-liga-off font-feature-clig-off font-feature-calt-off text-decoration-none text-strikethrough-none\"> Eyebrow tattooing is not just a technique - <\/span><span class=\"OYPEnA font-feature-liga-off font-feature-clig-off font-feature-calt-off text-decoration-none text-strikethrough-none\"><em>it is precise artistry that begins with quality education.<\/em>.<\/span><\/p><p class=\"cvGsUA direction-ltr align-start para-style-body\"><span class=\"a_GcMg font-feature-liga-off font-feature-clig-off font-feature-calt-off text-decoration-none text-strikethrough-none\">In today\u2019s beauty world, it\u2019s no longer enough to simply \u201cknow how.\u201d What truly matters is understanding \u2014 shaping, pigments, facial anatomy, skin types, and how to bring a client confidence, not just brows.<\/span><\/p><p class=\"cvGsUA direction-ltr align-start para-style-body translation-block\"><span class=\"OYPEnA font-feature-liga-off font-feature-clig-off font-feature-calt-off text-decoration-none text-strikethrough-none\">Why is<\/span><em><span class=\"OYPEnA font-feature-liga-off font-feature-clig-off font-feature-calt-off text-decoration-none text-strikethrough-none\"> PMU education <\/span><\/em><span class=\"OYPEnA font-feature-liga-off font-feature-clig-off font-feature-calt-off text-decoration-none text-strikethrough-none\">si important?<\/span><\/p><p class=\"cvGsUA direction-ltr align-start para-style-body\"><span class=\"a_GcMg font-feature-liga-off font-feature-clig-off font-feature-calt-off text-decoration-none text-strikethrough-none\">Because every line lasts. Permanent makeup requires confidence in your hand and confidence in your decisions. A high-quality course teaches you not only technique, but also aesthetic sense, proper skin analysis, hygiene standards, and how to work with all skin types.<\/span><\/p><p class=\"cvGsUA direction-ltr align-start para-style-body\"><span class=\"a_GcMg font-feature-liga-off font-feature-clig-off font-feature-calt-off text-decoration-none text-strikethrough-none\">In our courses, we emphasize a personal approach, hands-on practice under supervision, and attention to detail. We believe that only properly guided talent can create brows that look natural and elegant \u2014 today and years from now.<\/span><\/p><p class=\"cvGsUA direction-ltr align-start para-style-body\"><span class=\"a_GcMg font-feature-liga-off font-feature-clig-off font-feature-calt-off text-decoration-none text-strikethrough-none\">Start creating beauty with confidence.<\/span><\/p><p class=\"cvGsUA direction-ltr align-start para-style-body translation-block\"><span class=\"OYPEnA font-feature-liga-off font-feature-clig-off font-feature-calt-off text-decoration-none text-strikethrough-none\">Gain <\/span><em><span class=\"OYPEnA font-feature-liga-off font-feature-clig-off font-feature-calt-off text-decoration-none text-strikethrough-none\">knowledge<\/span><\/em><span class=\"OYPEnA font-feature-liga-off font-feature-clig-off font-feature-calt-off text-decoration-none text-strikethrough-none\"> that stays with you and <\/span><em><span class=\"OYPEnA font-feature-liga-off font-feature-clig-off font-feature-calt-off text-decoration-none text-strikethrough-none\">develop a signature style <\/span><\/em><span class=\"OYPEnA font-feature-liga-off font-feature-clig-off font-feature-calt-off text-decoration-none text-strikethrough-none\"><\/span><span class=\"OYPEnA font-feature-liga-off font-feature-clig-off font-feature-calt-off text-decoration-none text-strikethrough-none\">that will be instantly recognisable.<\/span><\/p>\n<\/div><\/div>\n<\/section><section class=\"bde-section-1020-106 bde-section\">\n  \n  \n\t\n\n\n\n<div class=\"section-container\"><h2 class=\"bde-dual-heading-1020-107 bde-dual-heading translation-block\"><span data-style=\"primary\" class=\"dual-heading--primary\">Face-to-face<\/span>\n\n            <span data-style=\"secondary\" class=\"dual-heading--secondary\">courses<\/span><\/h2><div class=\"bde-grid-1020-108 bde-grid\">\n  \n  \n\t\n\n\n\n<div class=\"bde-div-1020-109 bde-div\">\n  \n  \n\t\n\n\n\n<div class=\"bde-div-1020-110 bde-div\">\n  \n  \n\t\n\n\n\n<div class=\"bde-div-1020-111 bde-div\">\n  \n  \n\t\n\n\n\n<img decoding=\"async\" class=\"bde-image2-1020-112 bde-image2\" src=\"https:\/\/uplift.kybrows.eu\/wp-content\/uploads\/2026\/01\/1.jpg\" loading=\"lazy\" srcset=\"https:\/\/uplift.kybrows.eu\/wp-content\/uploads\/2026\/01\/1.jpg 1080w, https:\/\/uplift.kybrows.eu\/wp-content\/uploads\/2026\/01\/1-240x300.jpg 240w, https:\/\/uplift.kybrows.eu\/wp-content\/uploads\/2026\/01\/1-819x1024.jpg 819w, https:\/\/uplift.kybrows.eu\/wp-content\/uploads\/2026\/01\/1-768x960.jpg 768w\" sizes=\"(max-width: 1080px) 100vw, 1080px\">\n<\/div><div class=\"bde-text-1020-113 bde-text translation-block\"><span class=\"upper\">Hairstrokes<\/span><br>group course<\/div>\n<\/div><div class=\"bde-button-1020-115 bde-button\">\n    \n                        \n                        \n    \n    \n    \n    \n            \n                    \n            \n            \n\n    \n    \n    \n    \n    \n    <a class=\"breakdance-link button-atom button-atom--custom bde-button__button\" href=\"https:\/\/kybrows.eu\/en\/hairstrokes-group-course\/\" target=\"_self\" data-type=\"url\"  >\n\n    \n        <span class=\"button-atom__text\">More info<\/span>\n\n        \n        \n                <\/a>\n\n    \n\n\n<\/div>\n<\/div><div class=\"bde-div-1020-147 bde-div\">\n  \n  \n\t\n\n\n\n<div class=\"bde-div-1020-148 bde-div\">\n  \n  \n\t\n\n\n\n<div class=\"bde-div-1020-149 bde-div\">\n  \n  \n\t\n\n\n\n<img decoding=\"async\" class=\"bde-image2-1020-150 bde-image2\" src=\"https:\/\/uplift.kybrows.eu\/wp-content\/uploads\/2026\/01\/03.jpg\" loading=\"lazy\" srcset=\"https:\/\/uplift.kybrows.eu\/wp-content\/uploads\/2026\/01\/03.jpg 1080w, https:\/\/uplift.kybrows.eu\/wp-content\/uploads\/2026\/01\/03-240x300.jpg 240w, https:\/\/uplift.kybrows.eu\/wp-content\/uploads\/2026\/01\/03-819x1024.jpg 819w, https:\/\/uplift.kybrows.eu\/wp-content\/uploads\/2026\/01\/03-768x960.jpg 768w\" sizes=\"(max-width: 1080px) 100vw, 1080px\">\n<\/div><div class=\"bde-text-1020-151 bde-text translation-block\"><span class=\"upper\">Powder brows<\/span><br>group course<\/div>\n<\/div><div class=\"bde-button-1020-152 bde-button\">\n    \n                        \n                        \n    \n    \n    \n    \n            \n                    \n            \n            \n\n    \n    \n    \n    \n    \n    <a class=\"breakdance-link button-atom button-atom--custom bde-button__button\" href=\"https:\/\/kybrows.eu\/en\/powder-brows-group-course\/\" target=\"_self\" data-type=\"url\"  >\n\n    \n        <span class=\"button-atom__text\">More info<\/span>\n\n        \n        \n                <\/a>\n\n    \n\n\n<\/div>\n<\/div><div class=\"bde-div-1020-153 bde-div\">\n  \n  \n\t\n\n\n\n<div class=\"bde-div-1020-154 bde-div\">\n  \n  \n\t\n\n\n\n<div class=\"bde-div-1020-155 bde-div\">\n  \n  \n\t\n\n\n\n<img decoding=\"async\" class=\"bde-image2-1020-156 bde-image2\" src=\"https:\/\/uplift.kybrows.eu\/wp-content\/uploads\/2026\/01\/IMG_1033.jpg\" loading=\"lazy\" srcset=\"https:\/\/uplift.kybrows.eu\/wp-content\/uploads\/2026\/01\/IMG_1033.jpg 1206w, https:\/\/uplift.kybrows.eu\/wp-content\/uploads\/2026\/01\/IMG_1033-246x300.jpg 246w, https:\/\/uplift.kybrows.eu\/wp-content\/uploads\/2026\/01\/IMG_1033-840x1024.jpg 840w, https:\/\/uplift.kybrows.eu\/wp-content\/uploads\/2026\/01\/IMG_1033-768x936.jpg 768w\" sizes=\"(max-width: 1206px) 100vw, 1206px\">\n<\/div><div class=\"bde-text-1020-157 bde-text translation-block\"><span class=\"upper\">Individual<\/span><br>training<\/div>\n<\/div><div class=\"bde-button-1020-158 bde-button\">\n    \n                        \n                        \n    \n    \n    \n    \n            \n                    \n            \n            \n\n    \n    \n    \n    \n    \n    <a class=\"breakdance-link button-atom button-atom--custom bde-button__button\" href=\"https:\/\/kybrows.eu\/en\/individual-course\/\" target=\"_self\" data-type=\"url\"  >\n\n    \n        <span class=\"button-atom__text\">More info<\/span>\n\n        \n        \n                <\/a>\n\n    \n\n\n<\/div>\n<\/div><div class=\"bde-div-1020-159 bde-div\">\n  \n  \n\t\n\n\n\n<div class=\"bde-div-1020-160 bde-div\">\n  \n  \n\t\n\n\n\n<div class=\"bde-div-1020-161 bde-div\">\n  \n  \n\t\n\n\n\n<img decoding=\"async\" class=\"bde-image2-1020-162 bde-image2\" src=\"https:\/\/uplift.kybrows.eu\/wp-content\/uploads\/2026\/01\/4-11.jpg\" loading=\"lazy\" srcset=\"https:\/\/uplift.kybrows.eu\/wp-content\/uploads\/2026\/01\/4-11.jpg 1080w, https:\/\/uplift.kybrows.eu\/wp-content\/uploads\/2026\/01\/4-11-240x300.jpg 240w, https:\/\/uplift.kybrows.eu\/wp-content\/uploads\/2026\/01\/4-11-819x1024.jpg 819w, https:\/\/uplift.kybrows.eu\/wp-content\/uploads\/2026\/01\/4-11-768x960.jpg 768w\" sizes=\"(max-width: 1080px) 100vw, 1080px\">\n<\/div><div class=\"bde-text-1020-163 bde-text translation-block\"><span class=\"upper\">Level Up<\/span><br>basic<\/div>\n<\/div><div class=\"bde-button-1020-164 bde-button\">\n    \n                        \n                        \n    \n    \n    \n    \n            \n                    \n            \n            \n\n    \n    \n    \n    \n    \n    <a class=\"breakdance-link button-atom button-atom--custom bde-button__button\" href=\"https:\/\/kybrows.eu\/en\/level-up-basic\/\" target=\"_self\" data-type=\"url\"  >\n\n    \n        <span class=\"button-atom__text\">More info<\/span>\n\n        \n        \n                <\/a>\n\n    \n\n\n<\/div>\n<\/div><div class=\"bde-div-1020-165 bde-div\">\n  \n  \n\t\n\n\n\n<div class=\"bde-div-1020-166 bde-div\">\n  \n  \n\t\n\n\n\n<div class=\"bde-div-1020-167 bde-div\">\n  \n  \n\t\n\n\n\n<img decoding=\"async\" class=\"bde-image2-1020-168 bde-image2\" src=\"https:\/\/uplift.kybrows.eu\/wp-content\/uploads\/2026\/02\/IMG_1739-scaled.jpg\" loading=\"lazy\" srcset=\"https:\/\/uplift.kybrows.eu\/wp-content\/uploads\/2026\/02\/IMG_1739-scaled.jpg 1798w, https:\/\/uplift.kybrows.eu\/wp-content\/uploads\/2026\/02\/IMG_1739-211x300.jpg 211w, https:\/\/uplift.kybrows.eu\/wp-content\/uploads\/2026\/02\/IMG_1739-719x1024.jpg 719w, https:\/\/uplift.kybrows.eu\/wp-content\/uploads\/2026\/02\/IMG_1739-768x1093.jpg 768w, https:\/\/uplift.kybrows.eu\/wp-content\/uploads\/2026\/02\/IMG_1739-1079x1536.jpg 1079w, https:\/\/uplift.kybrows.eu\/wp-content\/uploads\/2026\/02\/IMG_1739-1439x2048.jpg 1439w, https:\/\/uplift.kybrows.eu\/wp-content\/uploads\/2026\/02\/IMG_1739-600x854.jpg 600w\" sizes=\"(max-width: 1798px) 100vw, 1798px\">\n<\/div><div class=\"bde-text-1020-169 bde-text translation-block\"><span class=\"upper\">Competition<\/span><br>mentoring<\/div>\n<\/div><div class=\"bde-button-1020-170 bde-button\">\n    \n                        \n                        \n    \n    \n    \n    \n            \n                    \n            \n            \n\n    \n    \n    \n    \n    \n    <a class=\"breakdance-link button-atom button-atom--custom bde-button__button\" href=\"https:\/\/kybrows.eu\/en\/competition-mentoring\/\" target=\"_self\" data-type=\"url\"  >\n\n    \n        <span class=\"button-atom__text\">More info<\/span>\n\n        \n        \n                <\/a>\n\n    \n\n\n<\/div>\n<\/div>\n<\/div><\/div>\n<\/section><section class=\"bde-section-1020-173 bde-section\">\n  \n  \n\t\n\n\n\n<div class=\"section-container\"><h2 class=\"bde-dual-heading-1020-174 bde-dual-heading translation-block\"><span data-style=\"primary\" class=\"dual-heading--primary\">Online<\/span>\n\n            <span data-style=\"secondary\" class=\"dual-heading--secondary\">courses<\/span><\/h2><div class=\"bde-grid-1020-207 bde-grid\">\n  \n  \n\t\n\n\n\n<div class=\"bde-div-1020-208 bde-div\">\n  \n  \n\t\n\n\n\n<div class=\"bde-div-1020-209 bde-div\">\n  \n  \n\t\n\n\n\n<div class=\"bde-div-1020-210 bde-div\">\n  \n  \n\t\n\n\n\n<img decoding=\"async\" class=\"bde-image2-1020-211 bde-image2\" src=\"https:\/\/uplift.kybrows.eu\/wp-content\/uploads\/2025\/09\/HS.jpg\" loading=\"lazy\" srcset=\"https:\/\/uplift.kybrows.eu\/wp-content\/uploads\/2025\/09\/HS.jpg 1080w, https:\/\/uplift.kybrows.eu\/wp-content\/uploads\/2025\/09\/HS-240x300.jpg 240w, https:\/\/uplift.kybrows.eu\/wp-content\/uploads\/2025\/09\/HS-819x1024.jpg 819w, https:\/\/uplift.kybrows.eu\/wp-content\/uploads\/2025\/09\/HS-768x960.jpg 768w\" sizes=\"(max-width: 1080px) 100vw, 1080px\">\n<\/div><div class=\"bde-text-1020-212 bde-text\">\nHairstrokes\n<\/div><div class=\"bde-text-1020-213 bde-text\">\nvl\u00e1skov\u00e1 technika\n<\/div>\n<\/div>\n<\/div><div class=\"bde-div-1020-214 bde-div\">\n  \n  \n\t\n\n\n\n<div class=\"bde-div-1020-215 bde-div\">\n  \n  \n\t\n\n\n\n<div class=\"bde-div-1020-216 bde-div\">\n  \n  \n\t\n\n\n\n<img decoding=\"async\" class=\"bde-image2-1020-217 bde-image2\" src=\"https:\/\/uplift.kybrows.eu\/wp-content\/uploads\/2025\/09\/PUDER-scaled.jpg\" loading=\"lazy\" srcset=\"https:\/\/uplift.kybrows.eu\/wp-content\/uploads\/2025\/09\/PUDER-scaled.jpg 2074w, https:\/\/uplift.kybrows.eu\/wp-content\/uploads\/2025\/09\/PUDER-243x300.jpg 243w, https:\/\/uplift.kybrows.eu\/wp-content\/uploads\/2025\/09\/PUDER-830x1024.jpg 830w, https:\/\/uplift.kybrows.eu\/wp-content\/uploads\/2025\/09\/PUDER-768x948.jpg 768w, https:\/\/uplift.kybrows.eu\/wp-content\/uploads\/2025\/09\/PUDER-1245x1536.jpg 1245w, https:\/\/uplift.kybrows.eu\/wp-content\/uploads\/2025\/09\/PUDER-1659x2048.jpg 1659w\" sizes=\"(max-width: 2074px) 100vw, 2074px\">\n<\/div><div class=\"bde-text-1020-218 bde-text\">\nPowder brows \n<\/div>\n<\/div><div class=\"bde-text-1020-219 bde-text\">\np\u00fadrov\u00e9 obo\u010die\n<\/div>\n<\/div><div class=\"bde-div-1020-220 bde-div\">\n  \n  \n\t\n\n\n\n<div class=\"bde-div-1020-221 bde-div\">\n  \n  \n\t\n\n\n\n<div class=\"bde-div-1020-222 bde-div\">\n  \n  \n\t\n\n\n\n<img decoding=\"async\" class=\"bde-image2-1020-223 bde-image2\" src=\"https:\/\/uplift.kybrows.eu\/wp-content\/uploads\/2026\/02\/Coming-Soon-1.jpg\" loading=\"lazy\" srcset=\"https:\/\/uplift.kybrows.eu\/wp-content\/uploads\/2026\/02\/Coming-Soon-1.jpg 1080w, https:\/\/uplift.kybrows.eu\/wp-content\/uploads\/2026\/02\/Coming-Soon-1-240x300.jpg 240w, https:\/\/uplift.kybrows.eu\/wp-content\/uploads\/2026\/02\/Coming-Soon-1-819x1024.jpg 819w, https:\/\/uplift.kybrows.eu\/wp-content\/uploads\/2026\/02\/Coming-Soon-1-768x960.jpg 768w, https:\/\/uplift.kybrows.eu\/wp-content\/uploads\/2026\/02\/Coming-Soon-1-600x750.jpg 600w\" sizes=\"(max-width: 1080px) 100vw, 1080px\">\n<\/div><div class=\"bde-text-1020-224 bde-text\">\nCombo\n<\/div><div class=\"bde-text-1020-225 bde-text\">\nstrokes &amp; powder\n<\/div>\n<\/div>\n<\/div>\n<\/div><div class=\"bde-button-1020-226 bde-button\">\n    \n                        \n                        \n    \n    \n    \n    \n            \n                    \n            \n            \n\n    \n    \n    \n    \n    \n    <a class=\"breakdance-link button-atom button-atom--custom bde-button__button\" href=\"https:\/\/kybrows.eu\/en\/online-kurzy\/\" target=\"_self\" data-type=\"url\"  >\n\n    \n        <span class=\"button-atom__text\">More about online courses<\/span>\n\n        \n        \n                <\/a>\n\n    \n\n\n<\/div><\/div>\n<\/section><section class=\"bde-section-1020-171 bde-section\">\n  \n  \n\t\n\n\n\n<div class=\"section-container\"><div class=\"bde-simple-testimonial-1020-172 bde-simple-testimonial\">\n\n\n\n    \n    \n\n\n\n    <div class='simple-testimonial__quote'>\n        <blockquote >\n            I\u2019m thrilled! My new eyebrows look natural, perfectly shaped, and I finally don\u2019t have to spend time doing makeup every morning. The procedure was completely painless, and the result exceeded my expectations. Huge thanks to the entire team for their professional approach and the pleasant atmosphere in the salon. I definitely recommend it to anyone who wants to look great and feel confident!\n        <\/blockquote>\n\n        \n            \n            \n                                <svg class='simple-testimonial__quote-mark left-icon' xmlns=\"http:\/\/www.w3.org\/2000\/svg\" viewbox=\"0 0 200 200\">\n        <path d=\"M161.017 14C181.988 14 199 31.501 199 53.094c0 21.58-17.012 39.094-37.983 39.094-37.97 0-12.661 75.568 37.983 75.568V186c-90.386.013-125.803-172-37.983-172ZM51.6 14c20.959 0 37.97 17.501 37.97 39.094 0 21.58-17.011 39.094-37.97 39.094-37.983 0-12.674 75.568 37.97 75.568V186C-.802 186.013-36.22 14 51.6 14Z\" fill=\"currentColor\"\/>\n    <\/svg>\n    <svg class='simple-testimonial__quote-mark right-icon' xmlns=\"http:\/\/www.w3.org\/2000\/svg\" viewbox=\"0 0 200 200\">\n        <path d=\"M161.017 14C181.988 14 199 31.501 199 53.094c0 21.58-17.012 39.094-37.983 39.094-37.97 0-12.661 75.568 37.983 75.568V186c-90.386.013-125.803-172-37.983-172ZM51.6 14c20.959 0 37.97 17.501 37.97 39.094 0 21.58-17.011 39.094-37.97 39.094-37.983 0-12.674 75.568 37.97 75.568V186C-.802 186.013-36.22 14 51.6 14Z\" fill=\"currentColor\"\/>\n    <\/svg>\n\n            \n            \n            \n        \n    <\/div>\n\n\n\n\n\n\n<\/div><\/div>\n<\/section>","protected":false},"excerpt":{"rendered":"<p>Vzdel\u00e1vanie Tetovanie obo\u010dia nie je len technika, je to prec\u00edzne umenie, ktor\u00e9 za\u010d\u00edna kvalitn\u00fdm vzdelan\u00edm.V dne\u0161nom svete kr\u00e1sy u\u017e nesta\u010d\u00ed \u201elen vedie\u0165\u201c. D\u00f4le\u017eit\u00e9 je rozumie\u0165. Tvarovaniu, pigmentom, anat\u00f3mii tv\u00e1re, typu poko\u017eky, ale aj tomu, ako prinies\u0165 klientke sebavedomie, nie len obo\u010die.Pre\u010do je vzdelanie v PMU tak\u00e9 d\u00f4le\u017eit\u00e9?Preto\u017ee ka\u017ed\u00e1 l\u00ednia ost\u00e1va. Permanentn\u00fd make-up si vy\u017eaduje istotu [&hellip;]<\/p>\n","protected":false},"author":1,"featured_media":0,"parent":0,"menu_order":0,"comment_status":"closed","ping_status":"closed","template":"","meta":{"_breakdance_hide_in_design_set":false,"_breakdance_tags":"","footnotes":""},"class_list":["post-1020","page","type-page","status-publish","hentry"],"_links":{"self":[{"href":"https:\/\/kybrows.eu\/en\/wp-json\/wp\/v2\/pages\/1020","targetHints":{"allow":["GET"]}}],"collection":[{"href":"https:\/\/kybrows.eu\/en\/wp-json\/wp\/v2\/pages"}],"about":[{"href":"https:\/\/kybrows.eu\/en\/wp-json\/wp\/v2\/types\/page"}],"author":[{"embeddable":true,"href":"https:\/\/kybrows.eu\/en\/wp-json\/wp\/v2\/users\/1"}],"replies":[{"embeddable":true,"href":"https:\/\/kybrows.eu\/en\/wp-json\/wp\/v2\/comments?post=1020"}],"version-history":[{"count":4,"href":"https:\/\/kybrows.eu\/en\/wp-json\/wp\/v2\/pages\/1020\/revisions"}],"predecessor-version":[{"id":9056,"href":"https:\/\/kybrows.eu\/en\/wp-json\/wp\/v2\/pages\/1020\/revisions\/9056"}],"wp:attachment":[{"href":"https:\/\/kybrows.eu\/en\/wp-json\/wp\/v2\/media?parent=1020"}],"curies":[{"name":"wp","href":"https:\/\/api.w.org\/{rel}","templated":true}]}}