{"id":1028,"date":"2026-01-09T09:01:39","date_gmt":"2026-01-09T09:01:39","guid":{"rendered":"https:\/\/uplift.kybrows.eu\/?page_id=1028"},"modified":"2026-02-24T21:50:54","modified_gmt":"2026-02-24T19:50:54","slug":"level-up-basic","status":"publish","type":"page","link":"https:\/\/kybrows.eu\/en\/level-up-basic\/","title":{"rendered":"LEVEL UP BASIC"},"content":{"rendered":"<section class=\"bde-section-1028-100 bde-section\">\n  \n  \n\t\n\n\n\n<div class=\"section-container\"><div class=\"bde-div-1028-101 bde-div page-title\">\n  \n  \n\t\n\n\n\n<h1 class=\"bde-dual-heading-1028-102 bde-dual-heading special-title\">\n\n\n            <span data-style=\"primary\" class=\"dual-heading--primary\">Level up<\/span>\n\n            <span data-style=\"secondary\" class=\"dual-heading--secondary\">basic<\/span>\n\n\n\n<\/h1>\n<\/div><\/div>\n<\/section><section class=\"bde-section-1028-103 bde-section\">\n  \n  \n\t\n\n\n\n<div class=\"section-container\"><div class=\"bde-columns-1028-104 bde-columns\"><div class=\"bde-column-1028-105 bde-column\">\n  \n  \n\t\n\n\n\n<div class=\"bde-rich-text-1028-108 bde-rich-text breakdance-rich-text-styles\">\n<h3 class=\"cvGsUA direction-ltr align-justify para-style-body\"><span class=\"a_GcMg font-feature-liga-off font-feature-clig-off font-feature-calt-off text-decoration-none text-strikethrough-none\">TECHNIQUE<\/span><\/h3><p class=\"cvGsUA direction-ltr align-justify para-style-body\"><span class=\"a_GcMg font-feature-liga-off font-feature-clig-off font-feature-calt-off text-decoration-none text-strikethrough-none\">Hairstrokes technique or Powder technique<\/span><\/p>\n<\/div><div class=\"bde-rich-text-1028-109 bde-rich-text breakdance-rich-text-styles\">\n<h3 class=\"cvGsUA direction-ltr align-justify para-style-body\"><span class=\"a_GcMg font-feature-liga-off font-feature-clig-off font-feature-calt-off text-decoration-none text-strikethrough-none\">WHO IS IT FOR<\/span><\/h3><p class=\"cvGsUA direction-ltr align-start para-style-body translation-block\">Advanced artists who have completed training with Katar\u00edna Lupsinov\u00e1 and wish to refine a specific technique on a model under the instructor\u2019s supervision.<\/p>\n<\/div><div class=\"bde-rich-text-1028-110 bde-rich-text breakdance-rich-text-styles\">\n<h3 class=\"cvGsUA direction-ltr align-justify para-style-body\"><span class=\"a_GcMg font-feature-liga-off font-feature-clig-off font-feature-calt-off text-decoration-none text-strikethrough-none\">DURATION<\/span><\/h3><p class=\"cvGsUA direction-ltr align-justify para-style-body\"><span class=\"a_GcMg font-feature-liga-off font-feature-clig-off font-feature-calt-off text-decoration-none text-strikethrough-none\">4 hours<\/span><\/p>\n<\/div>\n<\/div><div class=\"bde-column-1028-107 bde-column course-info\">\n  \n  \n\t\n\n\n\n<div class=\"bde-rich-text-1028-112 bde-rich-text breakdance-rich-text-styles\">\n<h3 class=\"cvGsUA direction-ltr align-justify para-style-body\"><span class=\"a_GcMg font-feature-liga-off font-feature-clig-off font-feature-calt-off text-decoration-none text-strikethrough-none\">GOAL<\/span><\/h3><ul><li><span class=\"a_GcMg font-feature-liga-off font-feature-clig-off font-feature-calt-off text-decoration-none text-strikethrough-none\">Precise mastery of one selected PMU technique.<\/span><\/li><li><span class=\"a_GcMg font-feature-liga-off font-feature-clig-off font-feature-calt-off text-decoration-none text-strikethrough-none\">Gaining confidence and certainty in the technique.<\/span><\/li><li class=\"translation-block\">Learn proper procedures and eliminate incorrect habits<\/li><\/ul>\n<\/div><div class=\"bde-rich-text-1028-113 bde-rich-text breakdance-rich-text-styles\">\n<h3 class=\"cvGsUA direction-ltr align-start para-style-body\"><span class=\"a_GcMg font-feature-liga-off font-feature-clig-off font-feature-calt-off text-decoration-none text-strikethrough-none\">WHAT TO BRING<\/span><\/h3><ul><li><span class=\"a_GcMg font-feature-liga-off font-feature-clig-off font-feature-calt-off text-decoration-none text-strikethrough-none\">A positive attitude and willingness to learn<\/span><\/li><li><span class=\"a_GcMg font-feature-liga-off font-feature-clig-off font-feature-calt-off text-decoration-none text-strikethrough-none\">Your PMU machine and needles used in your regular practice<\/span><\/li><li><span class=\"a_GcMg font-feature-liga-off font-feature-clig-off font-feature-calt-off text-decoration-none text-strikethrough-none\">A model for hands-on practice<\/span><\/li><\/ul>\n<\/div>\n<\/div><\/div><div class=\"bde-gallery-1028-106 bde-gallery\">\n\n\n  \n\n\n\n\n\n\n\n\n\n\n<div class=\"ee-gallery ee-gallery--default ee-gallery--grid ee-gallery--single ee-gallery--lightbox ee-gallery-- ee-gallery--caption- ee-gallery--caption-none ee-gallery--ratio\">\n                  \n      <a class=\"ee-gallery-item ee-gallery-item--image ee-gallery-item--single\" href=\"https:\/\/uplift.kybrows.eu\/wp-content\/uploads\/2026\/01\/IMG_1038.jpg\"  data-sub-html=\"<span>Screenshot<\/span>\" data-category=\"1\"                  data-lg-size=\"1206-1487\"\n\n      >\n        <figure class=\"ee-gallery-item-figure\">\n                        <img decoding=\"async\" class=\"breakdance-image-object\" src=\"https:\/\/uplift.kybrows.eu\/wp-content\/uploads\/2026\/01\/IMG_1038-830x1024.jpg\" width=\"830\" height=\"1024\" srcset=\"https:\/\/uplift.kybrows.eu\/wp-content\/uploads\/2026\/01\/IMG_1038.jpg 1206w, https:\/\/uplift.kybrows.eu\/wp-content\/uploads\/2026\/01\/IMG_1038-243x300.jpg 243w, https:\/\/uplift.kybrows.eu\/wp-content\/uploads\/2026\/01\/IMG_1038-830x1024.jpg 830w, https:\/\/uplift.kybrows.eu\/wp-content\/uploads\/2026\/01\/IMG_1038-768x947.jpg 768w\" sizes=\"auto, (max-width: 1206px) 100vw, 1206px\" loading=\"lazy\">\n          \n                  <\/figure>\n      <\/a>\n\n                \n      <a class=\"ee-gallery-item ee-gallery-item--image ee-gallery-item--single\" href=\"https:\/\/uplift.kybrows.eu\/wp-content\/uploads\/2026\/01\/2-11.jpg\"  data-sub-html=\"<span><\/span>\" data-category=\"1\"                  data-lg-size=\"1080-1350\"\n\n      >\n        <figure class=\"ee-gallery-item-figure\">\n                        <img decoding=\"async\" class=\"breakdance-image-object\" src=\"https:\/\/uplift.kybrows.eu\/wp-content\/uploads\/2026\/01\/2-11-819x1024.jpg\" width=\"819\" height=\"1024\" srcset=\"https:\/\/uplift.kybrows.eu\/wp-content\/uploads\/2026\/01\/2-11.jpg 1080w, https:\/\/uplift.kybrows.eu\/wp-content\/uploads\/2026\/01\/2-11-240x300.jpg 240w, https:\/\/uplift.kybrows.eu\/wp-content\/uploads\/2026\/01\/2-11-819x1024.jpg 819w, https:\/\/uplift.kybrows.eu\/wp-content\/uploads\/2026\/01\/2-11-768x960.jpg 768w\" sizes=\"auto, (max-width: 1080px) 100vw, 1080px\" loading=\"lazy\">\n          \n                  <\/figure>\n      <\/a>\n\n                \n      <a class=\"ee-gallery-item ee-gallery-item--image ee-gallery-item--single\" href=\"https:\/\/uplift.kybrows.eu\/wp-content\/uploads\/2026\/01\/IMG_1037.jpg\"  data-sub-html=\"<span>Screenshot<\/span>\" data-category=\"1\"                  data-lg-size=\"1206-1478\"\n\n      >\n        <figure class=\"ee-gallery-item-figure\">\n                        <img decoding=\"async\" class=\"breakdance-image-object\" src=\"https:\/\/uplift.kybrows.eu\/wp-content\/uploads\/2026\/01\/IMG_1037-836x1024.jpg\" width=\"836\" height=\"1024\" srcset=\"https:\/\/uplift.kybrows.eu\/wp-content\/uploads\/2026\/01\/IMG_1037.jpg 1206w, https:\/\/uplift.kybrows.eu\/wp-content\/uploads\/2026\/01\/IMG_1037-245x300.jpg 245w, https:\/\/uplift.kybrows.eu\/wp-content\/uploads\/2026\/01\/IMG_1037-836x1024.jpg 836w, https:\/\/uplift.kybrows.eu\/wp-content\/uploads\/2026\/01\/IMG_1037-768x941.jpg 768w\" sizes=\"auto, (max-width: 1206px) 100vw, 1206px\" loading=\"lazy\">\n          \n                  <\/figure>\n      <\/a>\n\n                \n      <a class=\"ee-gallery-item ee-gallery-item--image ee-gallery-item--single\" href=\"https:\/\/uplift.kybrows.eu\/wp-content\/uploads\/2026\/01\/4-11.jpg\"  data-sub-html=\"<span><\/span>\" data-category=\"1\"                  data-lg-size=\"1080-1350\"\n\n      >\n        <figure class=\"ee-gallery-item-figure\">\n                        <img decoding=\"async\" class=\"breakdance-image-object\" src=\"https:\/\/uplift.kybrows.eu\/wp-content\/uploads\/2026\/01\/4-11-819x1024.jpg\" width=\"819\" height=\"1024\" srcset=\"https:\/\/uplift.kybrows.eu\/wp-content\/uploads\/2026\/01\/4-11.jpg 1080w, https:\/\/uplift.kybrows.eu\/wp-content\/uploads\/2026\/01\/4-11-240x300.jpg 240w, https:\/\/uplift.kybrows.eu\/wp-content\/uploads\/2026\/01\/4-11-819x1024.jpg 819w, https:\/\/uplift.kybrows.eu\/wp-content\/uploads\/2026\/01\/4-11-768x960.jpg 768w\" sizes=\"auto, (max-width: 1080px) 100vw, 1080px\" loading=\"lazy\">\n          \n                  <\/figure>\n      <\/a>\n\n      \n  <\/div>\n\n\n\n<\/div><\/div>\n<\/section><section class=\"bde-section-1028-155 bde-section\">\n  \n  \n\t\n\n\n\n<div class=\"section-container\"><div class=\"bde-columns-1028-156 bde-columns\"><div class=\"bde-column-1028-157 bde-column\">\n  \n  \n\t\n\n\n\n<div class=\"bde-rich-text-1028-158 bde-rich-text breakdance-rich-text-styles\">\n<h3 class=\"cvGsUA direction-ltr align-justify para-style-body\"><span class=\"a_GcMg font-feature-liga-off font-feature-clig-off font-feature-calt-off text-decoration-none text-strikethrough-none\">PRICE<\/span><\/h3><p class=\"cvGsUA direction-ltr align-start para-style-body\"><span class=\"a_GcMg font-feature-liga-off font-feature-clig-off font-feature-calt-off text-decoration-none text-strikethrough-none\">\u20ac600 + VAT<br \/><\/span><span class=\"a_GcMg font-feature-liga-off font-feature-clig-off font-feature-calt-off text-decoration-none text-strikethrough-none\">Deposit: \u20ac200 + VAT<br \/><\/span><span class=\"a_GcMg font-feature-liga-off font-feature-clig-off font-feature-calt-off text-decoration-none text-strikethrough-none\">(The deposit amount will be deducted from the final payment.)<\/span><\/p><p>Model arrangement fee: \u20ac200 + VAT<\/p>\n<\/div><div class=\"bde-rich-text-1028-159 bde-rich-text breakdance-rich-text-styles\">\n<h3 class=\"cvGsUA direction-ltr align-start para-style-body\"><span class=\"a_GcMg font-feature-liga-off font-feature-clig-off font-feature-calt-off text-decoration-none text-strikethrough-none\">THE PRICE INCLUDES<\/span><\/h3><ul><li><span class=\"a_GcMg font-feature-liga-off font-feature-clig-off font-feature-calt-off text-decoration-none text-strikethrough-none\">Professional and personalized approach<\/span><\/li><li><span class=\"a_GcMg font-feature-liga-off font-feature-clig-off font-feature-calt-off text-decoration-none text-strikethrough-none\">Representative training facilities<\/span><\/li><li><span class=\"a_GcMg font-feature-liga-off font-feature-clig-off font-feature-calt-off text-decoration-none text-strikethrough-none\">Refreshments<\/span><\/li><li><span class=\"a_GcMg font-feature-liga-off font-feature-clig-off font-feature-calt-off text-decoration-none text-strikethrough-none\">Working materials used during the course<\/span><\/li><li><span class=\"a_GcMg font-feature-liga-off font-feature-clig-off font-feature-calt-off text-decoration-none text-strikethrough-none\">10% discount code for the purchase of materials and tools<\/span><\/li><\/ul>\n<\/div><div class=\"bde-rich-text-1028-160 bde-rich-text breakdance-rich-text-styles\">\n<h3 class=\"cvGsUA direction-ltr align-justify para-style-body\"><span class=\"a_GcMg font-feature-liga-off font-feature-clig-off font-feature-calt-off text-decoration-none text-strikethrough-none\">PAYMENT TERMS<\/span><\/h3><ul><li><em><span class=\"a_GcMg font-feature-liga-off font-feature-clig-off font-feature-calt-off text-decoration-none text-strikethrough-none\">Payment must be made within 3 working days from the date of invoice issuance.<\/span><\/em><\/li><li class=\"translation-block\"><em><span class=\"a_GcMg font-feature-liga-off font-feature-clig-off font-feature-calt-off text-decoration-none text-strikethrough-none\">Your participation in the training will be confirmed once the payment has been received in our account.<\/em><\/li><li class=\"translation-block\"><em><span class=\"a_GcMg font-feature-liga-off font-feature-clig-off font-feature-calt-off text-decoration-none text-strikethrough-none\">In case of course cancellation for any reason, the deposit is NON-REFUNDABLE; <\/span><span class=\"a_GcMg font-feature-liga-off font-feature-clig-off font-feature-calt-off text-decoration-none text-strikethrough-none\"> however, a replacement date may be provided within a maximum of 6 months from the cancellation date. <\/span><\/em><\/li><li><em><span class=\"a_GcMg font-feature-liga-off font-feature-clig-off font-feature-calt-off text-decoration-none text-strikethrough-none\">In cases of force majure or serious illness, an alternative training date will be provided.<\/span><\/em><\/li><li class=\"translation-block\"><em><span class=\"a_GcMg font-feature-liga-off font-feature-clig-off font-feature-calt-off text-decoration-none text-strikethrough-none\">The deposit will be refunded only if the course is canceled by the organizer, within 5 days from the cancellation announcement.<\/em><\/li><\/ul>\n<\/div>\n<\/div><div class=\"bde-column-1028-161 bde-column\">\n  \n  \n\t\n\n\n\n<img decoding=\"async\" class=\"bde-image2-1028-162 bde-image2\" src=\"https:\/\/uplift.kybrows.eu\/wp-content\/uploads\/2026\/01\/5-2.jpg\" loading=\"lazy\" srcset=\"https:\/\/uplift.kybrows.eu\/wp-content\/uploads\/2026\/01\/5-2.jpg 1080w, https:\/\/uplift.kybrows.eu\/wp-content\/uploads\/2026\/01\/5-2-240x300.jpg 240w, https:\/\/uplift.kybrows.eu\/wp-content\/uploads\/2026\/01\/5-2-819x1024.jpg 819w, https:\/\/uplift.kybrows.eu\/wp-content\/uploads\/2026\/01\/5-2-768x960.jpg 768w\" sizes=\"(max-width: 1080px) 100vw, 1080px\">\n<\/div><\/div><div class=\"bde-button-1028-163 bde-button\">\n    \n                        \n                        \n    \n    \n    \n    \n            \n                    \n            \n            \n\n    \n    \n    \n    \n    \n    <a class=\"breakdance-link button-atom button-atom--custom bde-button__button\" href=\"#kontakt\" target=\"_self\" data-type=\"url\"  >\n\n    \n        <span class=\"button-atom__text\">Register now<\/span>\n\n        \n        \n                <\/a>\n\n    \n\n\n<\/div><div class=\"bde-rich-text-1028-164 bde-rich-text breakdance-rich-text-styles\">\nFor more information, contact us at <a href=\"tel:+421 905 959 659\">+421 905 959 659<\/a>\n<\/div><\/div>\n<\/section><section class=\"bde-section-1028-165 bde-section\">\n  \n  \n\t\n\n\n\n<div class=\"section-container\"><div class=\"bde-simple-testimonial-1028-166 bde-simple-testimonial\">\n\n\n\n    \n    \n\n\n\n    <div class='simple-testimonial__quote'>\n        <blockquote >\n            I\u2019m thrilled! My new eyebrows look natural, perfectly shaped, and I finally don\u2019t have to spend time doing makeup every morning. The procedure was completely painless, and the result exceeded my expectations. Huge thanks to the entire team for their professional approach and the pleasant atmosphere in the salon. I definitely recommend it to anyone who wants to look great and feel confident!\n        <\/blockquote>\n\n        \n            \n            \n                                <svg class='simple-testimonial__quote-mark left-icon' xmlns=\"http:\/\/www.w3.org\/2000\/svg\" viewbox=\"0 0 200 200\">\n        <path d=\"M161.017 14C181.988 14 199 31.501 199 53.094c0 21.58-17.012 39.094-37.983 39.094-37.97 0-12.661 75.568 37.983 75.568V186c-90.386.013-125.803-172-37.983-172ZM51.6 14c20.959 0 37.97 17.501 37.97 39.094 0 21.58-17.011 39.094-37.97 39.094-37.983 0-12.674 75.568 37.97 75.568V186C-.802 186.013-36.22 14 51.6 14Z\" fill=\"currentColor\"\/>\n    <\/svg>\n    <svg class='simple-testimonial__quote-mark right-icon' xmlns=\"http:\/\/www.w3.org\/2000\/svg\" viewbox=\"0 0 200 200\">\n        <path d=\"M161.017 14C181.988 14 199 31.501 199 53.094c0 21.58-17.012 39.094-37.983 39.094-37.97 0-12.661 75.568 37.983 75.568V186c-90.386.013-125.803-172-37.983-172ZM51.6 14c20.959 0 37.97 17.501 37.97 39.094 0 21.58-17.011 39.094-37.97 39.094-37.983 0-12.674 75.568 37.97 75.568V186C-.802 186.013-36.22 14 51.6 14Z\" fill=\"currentColor\"\/>\n    <\/svg>\n\n            \n            \n            \n        \n    <\/div>\n\n\n\n\n\n\n<\/div><\/div>\n<\/section>","protected":false},"excerpt":{"rendered":"<p>Level up basic TECHNIKAHairstrokes technika, alebo p\u00fadrov\u00e1 technika PRE KOHO JE UR\u010cEN\u00ddPre pokro\u010dil\u00e9 artistky, ktor\u00e9 absolvovali \u0161kolenia u Katar\u00edny Lupsinovej a chc\u00fa zdokonali\u0165 konkr\u00e9tnu techniku na modelke pod doh\u013eadom \u0161kolite\u013ea. TRVANIE4 hodiny CIE\u013dPrec\u00edzne zvl\u00e1dnutie jednej vybranej techniky PMU.Z\u00edskanie istoty a sebavedomia v technike.Osvojenie si spr\u00e1vnych postupov a zbavenie sa nespr\u00e1vnych n\u00e1vykov. \u010cO SI PRINIES\u0164Dobr\u00fa n\u00e1ladu [&hellip;]<\/p>\n","protected":false},"author":1,"featured_media":0,"parent":0,"menu_order":0,"comment_status":"closed","ping_status":"closed","template":"","meta":{"_breakdance_hide_in_design_set":false,"_breakdance_tags":"","footnotes":""},"class_list":["post-1028","page","type-page","status-publish","hentry"],"_links":{"self":[{"href":"https:\/\/kybrows.eu\/en\/wp-json\/wp\/v2\/pages\/1028","targetHints":{"allow":["GET"]}}],"collection":[{"href":"https:\/\/kybrows.eu\/en\/wp-json\/wp\/v2\/pages"}],"about":[{"href":"https:\/\/kybrows.eu\/en\/wp-json\/wp\/v2\/types\/page"}],"author":[{"embeddable":true,"href":"https:\/\/kybrows.eu\/en\/wp-json\/wp\/v2\/users\/1"}],"replies":[{"embeddable":true,"href":"https:\/\/kybrows.eu\/en\/wp-json\/wp\/v2\/comments?post=1028"}],"version-history":[{"count":3,"href":"https:\/\/kybrows.eu\/en\/wp-json\/wp\/v2\/pages\/1028\/revisions"}],"predecessor-version":[{"id":9102,"href":"https:\/\/kybrows.eu\/en\/wp-json\/wp\/v2\/pages\/1028\/revisions\/9102"}],"wp:attachment":[{"href":"https:\/\/kybrows.eu\/en\/wp-json\/wp\/v2\/media?parent=1028"}],"curies":[{"name":"wp","href":"https:\/\/api.w.org\/{rel}","templated":true}]}}