{"id":1474,"date":"2026-02-05T12:35:11","date_gmt":"2026-02-05T12:35:11","guid":{"rendered":"https:\/\/uplift.kybrows.eu\/?page_id=1474"},"modified":"2026-02-23T22:52:06","modified_gmt":"2026-02-23T20:52:06","slug":"online-kurzy","status":"publish","type":"page","link":"https:\/\/kybrows.eu\/en\/online-kurzy\/","title":{"rendered":"Online Courses"},"content":{"rendered":"<section class=\"bde-section-1474-100 bde-section\">\n  \n  \n\t\n\n\n\n<div class=\"section-container\"><div class=\"bde-div-1474-101 bde-div page-title\">\n  \n  \n\t\n\n\n\n<h1 class=\"bde-heading-1474-102 bde-heading special-title\">\nOnline Courses\n<\/h1>\n<\/div><\/div>\n<\/section><section class=\"bde-section-1474-103 bde-section\">\n  \n  \n\t\n\n\n\n<div class=\"section-container\"><div class=\"bde-rich-text-1474-104 bde-rich-text breakdance-rich-text-styles\">\n<p class=\"cvGsUA direction-ltr align-start para-style-body translation-block\"><span class=\"a_GcMg font-feature-liga-off font-feature-clig-off font-feature-calt-off text-decoration-none text-strikethrough-none\">If you have the motivation and desire to create, it doesn\u2019t matter where you are. Online courses are designed <\/span><strong><span class=\"a_GcMg font-feature-liga-off font-feature-clig-off font-feature-calt-off text-decoration-none text-strikethrough-none\"> for everyone.<\/span><\/strong><span class=\"a_GcMg font-feature-liga-off font-feature-clig-off font-feature-calt-off text-decoration-none text-strikethrough-none\">.<\/span><\/p><p class=\"cvGsUA direction-ltr align-start para-style-body\"><span class=\"a_GcMg font-feature-liga-off font-feature-clig-off font-feature-calt-off text-decoration-none text-strikethrough-none\">They are strategically structured so that beginners acquire all the necessary knowledge, while more experienced artists can enrich their previous skills, as the world of PMU is fast-paced and innovative. Lifelong learning is the key to success. <\/span><span class=\"a_GcMg font-feature-liga-off font-feature-clig-off font-feature-calt-off text-decoration-none text-strikethrough-none\"><strong>Celo\u017eivotn\u00e9 vzdel\u00e1vanie je k\u013e\u00fa\u010dom k \u00faspechu<\/strong>.<\/span><\/p><p class=\"cvGsUA direction-ltr align-start para-style-body\"><span class=\"a_GcMg font-feature-liga-off font-feature-clig-off font-feature-calt-off text-decoration-none text-strikethrough-none\">My experiences, failures, and comebacks have shown me how I want to guide you. I want to save you from unnecessary mistakes that I made. I want to spare you the pointless doubts and thoughts that I had.<\/span><\/p><p class=\"cvGsUA direction-ltr align-start para-style-body translation-block\"><strong><span class=\"a_GcMg font-feature-liga-off font-feature-clig-off font-feature-calt-off text-decoration-none text-strikethrough-none\"> I want you to enjoy your work.<\/span><\/strong><span class=\"a_GcMg font-feature-liga-off font-feature-clig-off font-feature-calt-off text-decoration-none text-strikethrough-none\"> It\u2019s all about strong conviction, self-confidence, effort, and responsible practice.<\/p>\n<\/div><div class=\"bde-grid-1474-107 bde-grid\">\n  \n  \n\t\n\n\n\n<img decoding=\"async\" class=\"bde-image2-1474-109 bde-image2\" src=\"https:\/\/uplift.kybrows.eu\/wp-content\/uploads\/2026\/02\/Untitled-Design-5.jpg\" loading=\"lazy\" srcset=\"https:\/\/uplift.kybrows.eu\/wp-content\/uploads\/2026\/02\/Untitled-Design-5.jpg 2000w, https:\/\/uplift.kybrows.eu\/wp-content\/uploads\/2026\/02\/Untitled-Design-5-300x212.jpg 300w, https:\/\/uplift.kybrows.eu\/wp-content\/uploads\/2026\/02\/Untitled-Design-5-1024x722.jpg 1024w, https:\/\/uplift.kybrows.eu\/wp-content\/uploads\/2026\/02\/Untitled-Design-5-768x541.jpg 768w, https:\/\/uplift.kybrows.eu\/wp-content\/uploads\/2026\/02\/Untitled-Design-5-1536x1083.jpg 1536w, https:\/\/uplift.kybrows.eu\/wp-content\/uploads\/2026\/02\/Untitled-Design-5-600x423.jpg 600w\" sizes=\"(max-width: 2000px) 100vw, 2000px\"><img decoding=\"async\" class=\"bde-image2-1474-110 bde-image2\" src=\"https:\/\/uplift.kybrows.eu\/wp-content\/uploads\/2026\/02\/Untitled-Design-9.jpg\" loading=\"lazy\" srcset=\"https:\/\/uplift.kybrows.eu\/wp-content\/uploads\/2026\/02\/Untitled-Design-9.jpg 2000w, https:\/\/uplift.kybrows.eu\/wp-content\/uploads\/2026\/02\/Untitled-Design-9-300x212.jpg 300w, https:\/\/uplift.kybrows.eu\/wp-content\/uploads\/2026\/02\/Untitled-Design-9-1024x722.jpg 1024w, https:\/\/uplift.kybrows.eu\/wp-content\/uploads\/2026\/02\/Untitled-Design-9-768x541.jpg 768w, https:\/\/uplift.kybrows.eu\/wp-content\/uploads\/2026\/02\/Untitled-Design-9-1536x1083.jpg 1536w, https:\/\/uplift.kybrows.eu\/wp-content\/uploads\/2026\/02\/Untitled-Design-9-600x423.jpg 600w\" sizes=\"(max-width: 2000px) 100vw, 2000px\"><img decoding=\"async\" class=\"bde-image2-1474-111 bde-image2\" src=\"https:\/\/uplift.kybrows.eu\/wp-content\/uploads\/2026\/02\/Untitled-Design-1.jpg\" loading=\"lazy\" srcset=\"https:\/\/uplift.kybrows.eu\/wp-content\/uploads\/2026\/02\/Untitled-Design-1.jpg 2000w, https:\/\/uplift.kybrows.eu\/wp-content\/uploads\/2026\/02\/Untitled-Design-1-300x212.jpg 300w, https:\/\/uplift.kybrows.eu\/wp-content\/uploads\/2026\/02\/Untitled-Design-1-1024x722.jpg 1024w, https:\/\/uplift.kybrows.eu\/wp-content\/uploads\/2026\/02\/Untitled-Design-1-768x541.jpg 768w, https:\/\/uplift.kybrows.eu\/wp-content\/uploads\/2026\/02\/Untitled-Design-1-1536x1083.jpg 1536w, https:\/\/uplift.kybrows.eu\/wp-content\/uploads\/2026\/02\/Untitled-Design-1-600x423.jpg 600w\" sizes=\"(max-width: 2000px) 100vw, 2000px\"><img decoding=\"async\" class=\"bde-image2-1474-112 bde-image2\" src=\"https:\/\/uplift.kybrows.eu\/wp-content\/uploads\/2026\/02\/Untitled-Design-6.jpg\" loading=\"lazy\" srcset=\"https:\/\/uplift.kybrows.eu\/wp-content\/uploads\/2026\/02\/Untitled-Design-6.jpg 2000w, https:\/\/uplift.kybrows.eu\/wp-content\/uploads\/2026\/02\/Untitled-Design-6-300x212.jpg 300w, https:\/\/uplift.kybrows.eu\/wp-content\/uploads\/2026\/02\/Untitled-Design-6-1024x722.jpg 1024w, https:\/\/uplift.kybrows.eu\/wp-content\/uploads\/2026\/02\/Untitled-Design-6-768x541.jpg 768w, https:\/\/uplift.kybrows.eu\/wp-content\/uploads\/2026\/02\/Untitled-Design-6-1536x1083.jpg 1536w, https:\/\/uplift.kybrows.eu\/wp-content\/uploads\/2026\/02\/Untitled-Design-6-600x423.jpg 600w\" sizes=\"(max-width: 2000px) 100vw, 2000px\">\n<\/div><div class=\"bde-rich-text-1474-113 bde-rich-text breakdance-rich-text-styles\">\n<p class=\"cvGsUA direction-ltr align-start para-style-body translation-block\"><strong><span class=\"a_GcMg font-feature-liga-off font-feature-clig-off font-feature-calt-off text-decoration-none text-strikethrough-none\"> I offer you a summary of my experiences <\/span><\/strong><span class=\"a_GcMg font-feature-liga-off font-feature-clig-off font-feature-calt-off text-decoration-none text-strikethrough-none\"> and both theoretical and practical knowledge. Through the videos, you will learn the correct procedures for performing PMU. You will gain insights into skin structure and physiology from a PMU perspective, safety and hygiene standards during application, technological processes, and pigment implantation techniques. You will get to know tattoo pigments, facial typology, indications and contraindications, proper hand positioning, as well as many practical tips and exercises.<\/p><p class=\"cvGsUA direction-ltr align-start para-style-body\"><span class=\"a_GcMg font-feature-liga-off font-feature-clig-off font-feature-calt-off text-decoration-none text-strikethrough-none\">I am Katar\u00edna Lupsinov\u00e1, creator of the unique and beautiful Kybrows Hairstrokes technique.<\/span><\/p><p class=\"cvGsUA direction-ltr align-start para-style-body\"><span class=\"a_GcMg font-feature-liga-off font-feature-clig-off font-feature-calt-off text-decoration-none text-strikethrough-none\">Just like each of my clients and students. <\/span><strong><span class=\"a_GcMg font-feature-liga-off font-feature-clig-off font-feature-calt-off text-decoration-none text-strikethrough-none\">Welcome to my world of PMU.<\/span><\/strong><\/p><p class=\"cvGsUA direction-ltr align-start para-style-body\"><span class=\"a_GcMg font-feature-liga-off font-feature-clig-off font-feature-calt-off text-decoration-none text-strikethrough-none\">Don\u2019t look back\u2014move forward.<\/span><\/p><p class=\"cvGsUA direction-ltr align-start para-style-body\"><strong><span class=\"a_GcMg font-feature-liga-off font-feature-clig-off font-feature-calt-off text-decoration-none text-strikethrough-none\">Yours, KY.<\/span><\/strong><\/p>\n<\/div><div class=\"bde-grid-1474-114 bde-grid\">\n  \n  \n\t\n\n\n\n<img decoding=\"async\" class=\"bde-image2-1474-115 bde-image2\" src=\"https:\/\/uplift.kybrows.eu\/wp-content\/uploads\/2026\/02\/Untitled-Design-4.jpg\" loading=\"lazy\" srcset=\"https:\/\/uplift.kybrows.eu\/wp-content\/uploads\/2026\/02\/Untitled-Design-4.jpg 2000w, https:\/\/uplift.kybrows.eu\/wp-content\/uploads\/2026\/02\/Untitled-Design-4-300x212.jpg 300w, https:\/\/uplift.kybrows.eu\/wp-content\/uploads\/2026\/02\/Untitled-Design-4-1024x722.jpg 1024w, https:\/\/uplift.kybrows.eu\/wp-content\/uploads\/2026\/02\/Untitled-Design-4-768x541.jpg 768w, https:\/\/uplift.kybrows.eu\/wp-content\/uploads\/2026\/02\/Untitled-Design-4-1536x1083.jpg 1536w, https:\/\/uplift.kybrows.eu\/wp-content\/uploads\/2026\/02\/Untitled-Design-4-600x423.jpg 600w\" sizes=\"(max-width: 2000px) 100vw, 2000px\"><img decoding=\"async\" class=\"bde-image2-1474-116 bde-image2\" src=\"https:\/\/uplift.kybrows.eu\/wp-content\/uploads\/2026\/02\/Untitled-Design-8.jpg\" loading=\"lazy\" srcset=\"https:\/\/uplift.kybrows.eu\/wp-content\/uploads\/2026\/02\/Untitled-Design-8.jpg 2000w, https:\/\/uplift.kybrows.eu\/wp-content\/uploads\/2026\/02\/Untitled-Design-8-300x212.jpg 300w, https:\/\/uplift.kybrows.eu\/wp-content\/uploads\/2026\/02\/Untitled-Design-8-1024x722.jpg 1024w, https:\/\/uplift.kybrows.eu\/wp-content\/uploads\/2026\/02\/Untitled-Design-8-768x541.jpg 768w, https:\/\/uplift.kybrows.eu\/wp-content\/uploads\/2026\/02\/Untitled-Design-8-1536x1083.jpg 1536w, https:\/\/uplift.kybrows.eu\/wp-content\/uploads\/2026\/02\/Untitled-Design-8-600x423.jpg 600w\" sizes=\"(max-width: 2000px) 100vw, 2000px\"><img decoding=\"async\" class=\"bde-image2-1474-117 bde-image2\" src=\"https:\/\/uplift.kybrows.eu\/wp-content\/uploads\/2026\/02\/Untitled-Design-10.jpg\" loading=\"lazy\" srcset=\"https:\/\/uplift.kybrows.eu\/wp-content\/uploads\/2026\/02\/Untitled-Design-10.jpg 2000w, https:\/\/uplift.kybrows.eu\/wp-content\/uploads\/2026\/02\/Untitled-Design-10-300x212.jpg 300w, https:\/\/uplift.kybrows.eu\/wp-content\/uploads\/2026\/02\/Untitled-Design-10-1024x722.jpg 1024w, https:\/\/uplift.kybrows.eu\/wp-content\/uploads\/2026\/02\/Untitled-Design-10-768x541.jpg 768w, https:\/\/uplift.kybrows.eu\/wp-content\/uploads\/2026\/02\/Untitled-Design-10-1536x1083.jpg 1536w, https:\/\/uplift.kybrows.eu\/wp-content\/uploads\/2026\/02\/Untitled-Design-10-600x423.jpg 600w\" sizes=\"(max-width: 2000px) 100vw, 2000px\"><img decoding=\"async\" class=\"bde-image2-1474-118 bde-image2\" src=\"https:\/\/uplift.kybrows.eu\/wp-content\/uploads\/2026\/02\/Untitled-Design-3.jpg\" loading=\"lazy\" srcset=\"https:\/\/uplift.kybrows.eu\/wp-content\/uploads\/2026\/02\/Untitled-Design-3.jpg 2000w, https:\/\/uplift.kybrows.eu\/wp-content\/uploads\/2026\/02\/Untitled-Design-3-300x212.jpg 300w, https:\/\/uplift.kybrows.eu\/wp-content\/uploads\/2026\/02\/Untitled-Design-3-1024x722.jpg 1024w, https:\/\/uplift.kybrows.eu\/wp-content\/uploads\/2026\/02\/Untitled-Design-3-768x541.jpg 768w, https:\/\/uplift.kybrows.eu\/wp-content\/uploads\/2026\/02\/Untitled-Design-3-1536x1083.jpg 1536w, https:\/\/uplift.kybrows.eu\/wp-content\/uploads\/2026\/02\/Untitled-Design-3-600x423.jpg 600w\" sizes=\"(max-width: 2000px) 100vw, 2000px\">\n<\/div><div class=\"bde-div-1474-105 bde-div\">\n  \n  \n\t\n\n\n\n<div class=\"bde-text-1474-106 bde-text\">\nOnline\n<\/div>\n<\/div><\/div>\n<\/section><section class=\"bde-section-1474-119 bde-section\">\n  \n  \n\t\n\n\n\n<div class=\"section-container\"><h2 class=\"bde-heading-1474-120 bde-heading\">\nOnline Courses\n<\/h2><div class=\"bde-grid-1474-122 bde-grid\">\n  \n  \n\t\n\n\n\n<div class=\"bde-div-1474-123 bde-div\">\n  \n  \n\t\n\n\n\n<div class=\"bde-div-1474-124 bde-div\">\n  \n  \n\t\n\n\n\n<div class=\"bde-div-1474-125 bde-div\">\n  \n  \n\t\n\n\n\n<img decoding=\"async\" class=\"bde-image2-1474-126 bde-image2\" src=\"https:\/\/uplift.kybrows.eu\/wp-content\/uploads\/2025\/09\/HS.jpg\" loading=\"lazy\" srcset=\"https:\/\/uplift.kybrows.eu\/wp-content\/uploads\/2025\/09\/HS.jpg 1080w, https:\/\/uplift.kybrows.eu\/wp-content\/uploads\/2025\/09\/HS-240x300.jpg 240w, https:\/\/uplift.kybrows.eu\/wp-content\/uploads\/2025\/09\/HS-819x1024.jpg 819w, https:\/\/uplift.kybrows.eu\/wp-content\/uploads\/2025\/09\/HS-768x960.jpg 768w\" sizes=\"(max-width: 1080px) 100vw, 1080px\">\n<\/div><div class=\"bde-text-1474-127 bde-text\">\nHairstrokes\n<\/div><div class=\"bde-shortcode-1474-165 bde-shortcode\"><\/div><div class=\"bde-button-1474-142 bde-button\">\n    \n                        \n                        \n    \n    \n    \n    \n            \n                    \n            \n            \n\n    \n    \n    \n    \n    \n    <a class=\"breakdance-link button-atom button-atom--custom bde-button__button\" href=\"https:\/\/kybrows.eu\/en\/online-course-hairstrokes\/\" target=\"_self\" data-type=\"url\"  >\n\n    \n        <span class=\"button-atom__text\">I want to learn online<\/span>\n\n        \n        \n                <\/a>\n\n    \n\n\n<\/div>\n<\/div>\n<\/div><div class=\"bde-div-1474-129 bde-div\">\n  \n  \n\t\n\n\n\n<div class=\"bde-div-1474-130 bde-div\">\n  \n  \n\t\n\n\n\n<div class=\"bde-div-1474-131 bde-div\">\n  \n  \n\t\n\n\n\n<img decoding=\"async\" class=\"bde-image2-1474-132 bde-image2\" src=\"https:\/\/uplift.kybrows.eu\/wp-content\/uploads\/2025\/09\/PUDER-scaled.jpg\" loading=\"lazy\" srcset=\"https:\/\/uplift.kybrows.eu\/wp-content\/uploads\/2025\/09\/PUDER-scaled.jpg 2074w, https:\/\/uplift.kybrows.eu\/wp-content\/uploads\/2025\/09\/PUDER-243x300.jpg 243w, https:\/\/uplift.kybrows.eu\/wp-content\/uploads\/2025\/09\/PUDER-830x1024.jpg 830w, https:\/\/uplift.kybrows.eu\/wp-content\/uploads\/2025\/09\/PUDER-768x948.jpg 768w, https:\/\/uplift.kybrows.eu\/wp-content\/uploads\/2025\/09\/PUDER-1245x1536.jpg 1245w, https:\/\/uplift.kybrows.eu\/wp-content\/uploads\/2025\/09\/PUDER-1659x2048.jpg 1659w\" sizes=\"(max-width: 2074px) 100vw, 2074px\">\n<\/div><div class=\"bde-text-1474-143 bde-text\">\nPowder brows\n<\/div><div class=\"bde-shortcode-1474-166 bde-shortcode\"><\/div>\n<\/div><div class=\"bde-button-1474-145 bde-button\">\n    \n                        \n                        \n    \n    \n    \n    \n            \n                    \n            \n            \n\n    \n    \n    \n    \n    \n    <a class=\"breakdance-link button-atom button-atom--custom bde-button__button\" href=\"https:\/\/kybrows.eu\/en\/powder-brows\/\" target=\"_self\" data-type=\"url\"  >\n\n    \n        <span class=\"button-atom__text\">I want to learn online<\/span>\n\n        \n        \n                <\/a>\n\n    \n\n\n<\/div>\n<\/div><div class=\"bde-div-1474-135 bde-div\">\n  \n  \n\t\n\n\n\n<div class=\"bde-div-1474-136 bde-div\">\n  \n  \n\t\n\n\n\n<div class=\"bde-div-1474-137 bde-div\">\n  \n  \n\t\n\n\n\n<img decoding=\"async\" class=\"bde-image2-1474-138 bde-image2\" src=\"https:\/\/uplift.kybrows.eu\/wp-content\/uploads\/2026\/02\/Coming-Soon-1.jpg\" loading=\"lazy\" srcset=\"https:\/\/uplift.kybrows.eu\/wp-content\/uploads\/2026\/02\/Coming-Soon-1.jpg 1080w, https:\/\/uplift.kybrows.eu\/wp-content\/uploads\/2026\/02\/Coming-Soon-1-240x300.jpg 240w, https:\/\/uplift.kybrows.eu\/wp-content\/uploads\/2026\/02\/Coming-Soon-1-819x1024.jpg 819w, https:\/\/uplift.kybrows.eu\/wp-content\/uploads\/2026\/02\/Coming-Soon-1-768x960.jpg 768w, https:\/\/uplift.kybrows.eu\/wp-content\/uploads\/2026\/02\/Coming-Soon-1-600x750.jpg 600w\" sizes=\"(max-width: 1080px) 100vw, 1080px\">\n<\/div><div class=\"bde-text-1474-146 bde-text\">\nCombo\n<\/div><div class=\"bde-text-1474-147 bde-text\">\nstrokes &amp; powder\n<\/div>\n<\/div>\n<\/div>\n<\/div><\/div>\n<\/section><section class=\"bde-section-1474-148 bde-section\">\n  \n  \n\t\n\n\n\n<div class=\"section-container\"><div class=\"bde-simple-testimonial-1474-149 bde-simple-testimonial\">\n\n\n\n    \n    \n\n\n\n    <div class='simple-testimonial__quote'>\n        <blockquote >\n            I\u2019m thrilled! My new eyebrows look natural, perfectly shaped, and I finally don\u2019t have to spend time doing makeup every morning. The procedure was completely painless, and the result exceeded my expectations. Huge thanks to the entire team for their professional approach and the pleasant atmosphere in the salon. I definitely recommend it to anyone who wants to look great and feel confident!\n        <\/blockquote>\n\n        \n            \n            \n                                <svg class='simple-testimonial__quote-mark left-icon' xmlns=\"http:\/\/www.w3.org\/2000\/svg\" viewbox=\"0 0 200 200\">\n        <path d=\"M161.017 14C181.988 14 199 31.501 199 53.094c0 21.58-17.012 39.094-37.983 39.094-37.97 0-12.661 75.568 37.983 75.568V186c-90.386.013-125.803-172-37.983-172ZM51.6 14c20.959 0 37.97 17.501 37.97 39.094 0 21.58-17.011 39.094-37.97 39.094-37.983 0-12.674 75.568 37.97 75.568V186C-.802 186.013-36.22 14 51.6 14Z\" fill=\"currentColor\"\/>\n    <\/svg>\n    <svg class='simple-testimonial__quote-mark right-icon' xmlns=\"http:\/\/www.w3.org\/2000\/svg\" viewbox=\"0 0 200 200\">\n        <path d=\"M161.017 14C181.988 14 199 31.501 199 53.094c0 21.58-17.012 39.094-37.983 39.094-37.97 0-12.661 75.568 37.983 75.568V186c-90.386.013-125.803-172-37.983-172ZM51.6 14c20.959 0 37.97 17.501 37.97 39.094 0 21.58-17.011 39.094-37.97 39.094-37.983 0-12.674 75.568 37.97 75.568V186C-.802 186.013-36.22 14 51.6 14Z\" fill=\"currentColor\"\/>\n    <\/svg>\n\n            \n            \n            \n        \n    <\/div>\n\n\n\n\n\n\n<\/div><\/div>\n<\/section>","protected":false},"excerpt":{"rendered":"<p>Online kurzy Ak m\u00e1te motiv\u00e1ciu a chu\u0165 tvori\u0165, nez\u00e1le\u017e\u00ed na tom kde sa nach\u00e1dzate. Onliny kurzy s\u00fa ur\u010den\u00e9 pre v\u0161etk\u00fdch.S\u00fa strategicky postaven\u00e9 tak, aby za\u010diato\u010dn\u00edk nadobudol v\u0161etky potrebn\u00e9 vedomosti a sk\u00fasenej\u0161\u00ed artist si tie predch\u00e1dzaj\u00face obohat\u00ed, nako\u013eko svet PMU je ve\u013emi r\u00fdchly a inovat\u00edvny. Celo\u017eivotn\u00e9 vzdel\u00e1vanie je k\u013e\u00fa\u010dom k \u00faspechu.Sk\u00fasenosti, p\u00e1dy a znovu nakopnutia mi [&hellip;]<\/p>\n","protected":false},"author":1,"featured_media":0,"parent":0,"menu_order":0,"comment_status":"closed","ping_status":"closed","template":"","meta":{"_breakdance_hide_in_design_set":false,"_breakdance_tags":"","footnotes":""},"class_list":["post-1474","page","type-page","status-publish","hentry"],"_links":{"self":[{"href":"https:\/\/kybrows.eu\/en\/wp-json\/wp\/v2\/pages\/1474","targetHints":{"allow":["GET"]}}],"collection":[{"href":"https:\/\/kybrows.eu\/en\/wp-json\/wp\/v2\/pages"}],"about":[{"href":"https:\/\/kybrows.eu\/en\/wp-json\/wp\/v2\/types\/page"}],"author":[{"embeddable":true,"href":"https:\/\/kybrows.eu\/en\/wp-json\/wp\/v2\/users\/1"}],"replies":[{"embeddable":true,"href":"https:\/\/kybrows.eu\/en\/wp-json\/wp\/v2\/comments?post=1474"}],"version-history":[{"count":3,"href":"https:\/\/kybrows.eu\/en\/wp-json\/wp\/v2\/pages\/1474\/revisions"}],"predecessor-version":[{"id":9063,"href":"https:\/\/kybrows.eu\/en\/wp-json\/wp\/v2\/pages\/1474\/revisions\/9063"}],"wp:attachment":[{"href":"https:\/\/kybrows.eu\/en\/wp-json\/wp\/v2\/media?parent=1474"}],"curies":[{"name":"wp","href":"https:\/\/api.w.org\/{rel}","templated":true}]}}