{"id":1506,"date":"2026-02-05T13:32:57","date_gmt":"2026-02-05T13:32:57","guid":{"rendered":"https:\/\/uplift.kybrows.eu\/?page_id=1506"},"modified":"2026-02-23T13:16:15","modified_gmt":"2026-02-23T11:16:15","slug":"online-course-hairstrokes","status":"publish","type":"page","link":"https:\/\/kybrows.eu\/en\/hairstrokes-vlaskova-technika\/","title":{"rendered":"HAIRSTROKES"},"content":{"rendered":"<section class=\"bde-section-1506-100 bde-section\">\n  \n  \n\t\n\n\n\n<div class=\"section-container\"><div class=\"bde-div-1506-101 bde-div page-title\">\n  \n  \n\t\n\n\n\n<h1 class=\"bde-dual-heading-1506-103 bde-dual-heading special-title translation-block\"><span data-style=\"primary\" class=\"dual-heading--primary\">Online course  - HAIRSTROKES<\/span><\/h1>\n<\/div><\/div>\n<\/section><section class=\"bde-section-1506-104 bde-section\">\n  \n  \n\t\n\n\n\n<div class=\"section-container\"><div class=\"bde-columns-1506-119 bde-columns\"><div class=\"bde-column-1506-120 bde-column\">\n  \n  \n\t\n\n\n\n<h2 class=\"bde-heading-1506-123 bde-heading\">\nAbout the technique\n<\/h2><div class=\"bde-rich-text-1506-122 bde-rich-text breakdance-rich-text-styles\">\n<p class=\"cvGsUA direction-ltr align-end para-style-body translation-block\">A modern PMU technique that elevates brows to a level of perfect realism. Precise work with a machine allows the creation of fine strokes that naturally blend with existing brows, giving a light, airy effect while subtly softening and rejuvenating the face. This technique effectively addresses asymmetry, shape, and density, making it one of the most sought-after trends in PMU.<\/p><p class=\"cvGsUA direction-ltr align-end para-style-body translation-block\">In the online course, you will learn a system with clear rules\u2014from brow measurements, detailed Hairstrokes procedures, correct stroke creation, pigment and machine selection and usage, to ideal hand and body ergonomics.<\/p>\n<\/div>\n<\/div><div class=\"bde-column-1506-121 bde-column\">\n  \n  \n\t\n\n\n\n<img decoding=\"async\" class=\"bde-image2-1506-124 bde-image2\" src=\"https:\/\/uplift.kybrows.eu\/wp-content\/uploads\/2026\/02\/notebook.png\" loading=\"lazy\" srcset=\"https:\/\/uplift.kybrows.eu\/wp-content\/uploads\/2026\/02\/notebook.png 970w, https:\/\/uplift.kybrows.eu\/wp-content\/uploads\/2026\/02\/notebook-300x209.png 300w, https:\/\/uplift.kybrows.eu\/wp-content\/uploads\/2026\/02\/notebook-768x535.png 768w, https:\/\/uplift.kybrows.eu\/wp-content\/uploads\/2026\/02\/notebook-600x418.png 600w\" sizes=\"(max-width: 970px) 100vw, 970px\">\n<\/div><\/div><div class=\"bde-columns-1506-126 bde-columns\"><div class=\"bde-column-1506-130 bde-column\">\n  \n  \n\t\n\n\n\n<img decoding=\"async\" class=\"bde-image2-1506-131 bde-image2\" src=\"https:\/\/uplift.kybrows.eu\/wp-content\/uploads\/2026\/02\/iphone.png\" loading=\"lazy\" srcset=\"https:\/\/uplift.kybrows.eu\/wp-content\/uploads\/2026\/02\/iphone.png 412w, https:\/\/uplift.kybrows.eu\/wp-content\/uploads\/2026\/02\/iphone-199x300.png 199w\" sizes=\"(max-width: 412px) 100vw, 412px\">\n<\/div><div class=\"bde-column-1506-127 bde-column\">\n  \n  \n\t\n\n\n\n<h2 class=\"bde-heading-1506-128 bde-heading\">\nAbout the course\n<\/h2><div class=\"bde-rich-text-1506-134 bde-rich-text breakdance-rich-text-styles\">\n<p><span class=\"a_GcMg font-feature-liga-off font-feature-clig-off font-feature-calt-off text-decoration-none text-strikethrough-none\">The online course is designed for both beginners and advanced PMU artists and is divided <\/span><strong><span class=\"a_GcMg font-feature-liga-off font-feature-clig-off font-feature-calt-off text-decoration-none text-strikethrough-none\">into three<\/span><\/strong><span class=\"a_GcMg font-feature-liga-off font-feature-clig-off font-feature-calt-off text-decoration-none text-strikethrough-none\"> clear sections:<\/span><\/p>\n<\/div><div class=\"bde-rich-text-1506-132 bde-rich-text breakdance-rich-text-styles\">\n<h3 class=\"cvGsUA direction-ltr align-justify para-style-body\"><span class=\"a_GcMg font-feature-liga-off font-feature-clig-off font-feature-calt-off text-decoration-none text-strikethrough-none\">Part 1 - Theory<\/span><\/h3><p class=\"cvGsUA direction-ltr align-start para-style-body translation-block\">Video lessons focused on comprehensive theoretical preparation for performing PMU, suitable for learning new skills or deepening existing knowledge.<\/p>\n<\/div><div class=\"bde-rich-text-1506-135 bde-rich-text breakdance-rich-text-styles\">\n<h3 class=\"cvGsUA direction-ltr align-justify para-style-body\"><span class=\"a_GcMg font-feature-liga-off font-feature-clig-off font-feature-calt-off text-decoration-none text-strikethrough-none\">Part 2 - Practice<\/span><\/h3><p class=\"cvGsUA direction-ltr align-start para-style-body\"><span class=\"a_GcMg font-feature-liga-off font-feature-clig-off font-feature-calt-off text-decoration-none text-strikethrough-none\">Step-by-step practical video tutorials where you will learn the correct application of the Kybrows Hairstrokes technique.<\/span><\/p>\n<\/div><div class=\"bde-rich-text-1506-136 bde-rich-text breakdance-rich-text-styles\">\n<h3 class=\"cvGsUA direction-ltr align-justify para-style-body\"><span class=\"a_GcMg font-feature-liga-off font-feature-clig-off font-feature-calt-off text-decoration-none text-strikethrough-none\">PART 3 \u2013 Schemes &amp; patterns<\/span><\/h3><p class=\"cvGsUA direction-ltr align-start para-style-body\"><span class=\"a_GcMg font-feature-liga-off font-feature-clig-off font-feature-calt-off text-decoration-none text-strikethrough-none\">Downloadable schemes and patterns for different brow types, designed to make practice easier and accelerate your progress.<\/span><\/p>\n<\/div><div class=\"bde-rich-text-1506-137 bde-rich-text breakdance-rich-text-styles\">\n<h3 class=\"cvGsUA direction-ltr align-justify para-style-body\"><span class=\"a_GcMg font-feature-liga-off font-feature-clig-off font-feature-calt-off text-decoration-none text-strikethrough-none\">Certificate<\/span><\/h3><p class=\"cvGsUA direction-ltr align-start para-style-body\"><span class=\"a_GcMg font-feature-liga-off font-feature-clig-off font-feature-calt-off text-decoration-none text-strikethrough-none\">Upon successful completion of the course, you will receive a certificate confirming your new skills and expertise.<\/span><\/p>\n<\/div>\n<\/div><\/div><div class=\"bde-div-1506-117 bde-div\">\n  \n  \n\t\n\n\n\n<div class=\"bde-text-1506-118 bde-text\">\nOnline\n<\/div>\n<\/div><\/div>\n<\/section><section class=\"bde-section-1506-138 bde-section\">\n  \n  \n\t\n\n\n\n<div class=\"section-container\"><h2 class=\"bde-heading-1506-139 bde-heading\">\nContent\n<\/h2><div class=\"bde-div-1506-140 bde-div\">\n  \n  \n\t\n\n\n\n<div class=\"bde-div-1506-142 bde-div\">\n  \n  \n\t\n\n\n\n<div class=\"bde-rich-text-1506-141 bde-rich-text breakdance-rich-text-styles\">\n<h3 class=\"cvGsUA direction-ltr align-end para-style-body translation-block\"><span class=\"a_GcMg font-feature-liga-off font-feature-clig-off font-feature-calt-off text-decoration-none text-strikethrough-none\">Video Tutorial<br><\/span><strong><span class=\"a_GcMg font-feature-liga-off font-feature-clig-off font-feature-calt-off text-decoration-none text-strikethrough-none\">Theoretical Section<\/span><\/strong><\/h3><p class=\"cvGsUA direction-ltr align-end para-style-body\"><span class=\"a_GcMg font-feature-liga-off font-feature-clig-off font-feature-calt-off text-decoration-none text-strikethrough-none\">1. Skin Types<\/span><\/p><p class=\"cvGsUA direction-ltr align-end para-style-body\"><span class=\"a_GcMg font-feature-liga-off font-feature-clig-off font-feature-calt-off text-decoration-none text-strikethrough-none\">2. Phototypes<\/span><\/p><p class=\"cvGsUA direction-ltr align-end para-style-body\"><span class=\"a_GcMg font-feature-liga-off font-feature-clig-off font-feature-calt-off text-decoration-none text-strikethrough-none\">3. Skin Layers<\/span><\/p><p class=\"cvGsUA direction-ltr align-end para-style-body\"><span class=\"a_GcMg font-feature-liga-off font-feature-clig-off font-feature-calt-off text-decoration-none text-strikethrough-none\">4. Skin Healing<\/span><\/p><p class=\"cvGsUA direction-ltr align-end para-style-body\"><span class=\"a_GcMg font-feature-liga-off font-feature-clig-off font-feature-calt-off text-decoration-none text-strikethrough-none\">5. Effects of UV Radiation<\/span><\/p><p class=\"cvGsUA direction-ltr align-end para-style-body\"><span class=\"a_GcMg font-feature-liga-off font-feature-clig-off font-feature-calt-off text-decoration-none text-strikethrough-none\">6. Pigments<\/span><\/p><p class=\"cvGsUA direction-ltr align-end para-style-body\"><span class=\"a_GcMg font-feature-liga-off font-feature-clig-off font-feature-calt-off text-decoration-none text-strikethrough-none\">7. Pigments in the Skin<\/span><\/p><p class=\"cvGsUA direction-ltr align-end para-style-body\"><span class=\"a_GcMg font-feature-liga-off font-feature-clig-off font-feature-calt-off text-decoration-none text-strikethrough-none\">8. Color Theory<\/span><\/p><p class=\"cvGsUA direction-ltr align-end para-style-body\"><span class=\"a_GcMg font-feature-liga-off font-feature-clig-off font-feature-calt-off text-decoration-none text-strikethrough-none\">9. Machines<\/span><\/p><p class=\"cvGsUA direction-ltr align-end para-style-body\"><span class=\"a_GcMg font-feature-liga-off font-feature-clig-off font-feature-calt-off text-decoration-none text-strikethrough-none\">10. Cartridges &amp; Needles<\/span><\/p><p class=\"cvGsUA direction-ltr align-end para-style-body\"><span class=\"a_GcMg font-feature-liga-off font-feature-clig-off font-feature-calt-off text-decoration-none text-strikethrough-none\">11. Hand Positioning from a Physiotherapist\u2019s Perspective<\/span><\/p><p class=\"cvGsUA direction-ltr align-end para-style-body\"><span class=\"a_GcMg font-feature-liga-off font-feature-clig-off font-feature-calt-off text-decoration-none text-strikethrough-none\">12. Dermatology, Alopecia, Laser<\/span><\/p><p class=\"cvGsUA direction-ltr align-end para-style-body\"><span class=\"a_GcMg font-feature-liga-off font-feature-clig-off font-feature-calt-off text-decoration-none text-strikethrough-none\">13. Hygiene<\/span><\/p>\n<\/div>\n<\/div><div class=\"bde-div-1506-144 bde-div\">\n  \n  \n\t\n\n\n\n<div class=\"bde-rich-text-1506-143 bde-rich-text breakdance-rich-text-styles\">\n<h3 class=\"cvGsUA direction-ltr align-end para-style-body\"><span class=\"a_GcMg font-feature-liga-off font-feature-clig-off font-feature-calt-off text-decoration-none text-strikethrough-none\">Video Tutorial<br \/><\/span><strong><span class=\"a_GcMg font-feature-liga-off font-feature-clig-off font-feature-calt-off text-decoration-none text-strikethrough-none\">Practical Section<\/span><\/strong><\/h3><p class=\"cvGsUA direction-ltr align-start para-style-body\"><span class=\"a_GcMg font-feature-liga-off font-feature-clig-off font-feature-calt-off text-decoration-none text-strikethrough-none\">1. Facial Anatomy<\/span><\/p><p class=\"cvGsUA direction-ltr align-start para-style-body\"><span class=\"a_GcMg font-feature-liga-off font-feature-clig-off font-feature-calt-off text-decoration-none text-strikethrough-none\">2. How to Draw the Brow Shape<\/span><\/p><p class=\"cvGsUA direction-ltr align-start para-style-body\"><span class=\"a_GcMg font-feature-liga-off font-feature-clig-off font-feature-calt-off text-decoration-none text-strikethrough-none\">3. Hairstrokes Technique<\/span><\/p><p class=\"cvGsUA direction-ltr align-start para-style-body\"><span class=\"a_GcMg font-feature-liga-off font-feature-clig-off font-feature-calt-off text-decoration-none text-strikethrough-none\">4. Brow Shape<\/span><\/p><p class=\"cvGsUA direction-ltr align-start para-style-body\"><span class=\"a_GcMg font-feature-liga-off font-feature-clig-off font-feature-calt-off text-decoration-none text-strikethrough-none\">5. Correct Hand Position<\/span><\/p><p class=\"cvGsUA direction-ltr align-start para-style-body\"><span class=\"a_GcMg font-feature-liga-off font-feature-clig-off font-feature-calt-off text-decoration-none text-strikethrough-none\">6. Creating Lines on the Skin<\/span><\/p><p class=\"cvGsUA direction-ltr align-start para-style-body\"><span class=\"a_GcMg font-feature-liga-off font-feature-clig-off font-feature-calt-off text-decoration-none text-strikethrough-none\">7. Brow Shape Sketch<\/span><\/p><p class=\"cvGsUA direction-ltr align-start para-style-body\"><span class=\"a_GcMg font-feature-liga-off font-feature-clig-off font-feature-calt-off text-decoration-none text-strikethrough-none\">8. Different Types of Hair Strokes<\/span><\/p><p class=\"cvGsUA direction-ltr align-start para-style-body\"><span class=\"a_GcMg font-feature-liga-off font-feature-clig-off font-feature-calt-off text-decoration-none text-strikethrough-none\">9. Hair Clusters<\/span><\/p><p class=\"cvGsUA direction-ltr align-start para-style-body\"><span class=\"a_GcMg font-feature-liga-off font-feature-clig-off font-feature-calt-off text-decoration-none text-strikethrough-none\">10. Types of Strokes &amp; Their Design 1<\/span><\/p><p class=\"cvGsUA direction-ltr align-start para-style-body\"><span class=\"a_GcMg font-feature-liga-off font-feature-clig-off font-feature-calt-off text-decoration-none text-strikethrough-none\">11. Types of Strokes &amp; Their Design 2<\/span><\/p><p class=\"cvGsUA direction-ltr align-start para-style-body\"><span class=\"a_GcMg font-feature-liga-off font-feature-clig-off font-feature-calt-off text-decoration-none text-strikethrough-none\">12. Working with Needles on Paper<\/span><\/p><p class=\"cvGsUA direction-ltr align-start para-style-body\"><span class=\"a_GcMg font-feature-liga-off font-feature-clig-off font-feature-calt-off text-decoration-none text-strikethrough-none\">13. Working with Needles on Latex<\/span><\/p><p class=\"cvGsUA direction-ltr align-start para-style-body\"><span class=\"a_GcMg font-feature-liga-off font-feature-clig-off font-feature-calt-off text-decoration-none text-strikethrough-none\">14. Pigment Intensity &amp; Machine Speed<\/span><\/p><p class=\"cvGsUA direction-ltr align-start para-style-body\"><span class=\"a_GcMg font-feature-liga-off font-feature-clig-off font-feature-calt-off text-decoration-none text-strikethrough-none\">15. Shape Training<\/span><\/p><p class=\"cvGsUA direction-ltr align-start para-style-body\"><span class=\"a_GcMg font-feature-liga-off font-feature-clig-off font-feature-calt-off text-decoration-none text-strikethrough-none\">16. Working on Latex with the Machine<\/span><\/p><p class=\"cvGsUA direction-ltr align-start para-style-body\"><span class=\"a_GcMg font-feature-liga-off font-feature-clig-off font-feature-calt-off text-decoration-none text-strikethrough-none\">17. Homework After the Course<\/span><\/p><p class=\"cvGsUA direction-ltr align-start para-style-body\"><span class=\"a_GcMg font-feature-liga-off font-feature-clig-off font-feature-calt-off text-decoration-none text-strikethrough-none\">18. Homework 1 \u2013 Fast Hand<\/span><\/p><p class=\"cvGsUA direction-ltr align-start para-style-body\"><span class=\"a_GcMg font-feature-liga-off font-feature-clig-off font-feature-calt-off text-decoration-none text-strikethrough-none\">19. Homework 1 \u2013 Slow Hand<\/span><\/p><p class=\"cvGsUA direction-ltr align-start para-style-body\"><span class=\"a_GcMg font-feature-liga-off font-feature-clig-off font-feature-calt-off text-decoration-none text-strikethrough-none\">20. Complete Hairstrokes Practice on Latex<\/span><\/p><p class=\"cvGsUA direction-ltr align-start para-style-body\"><span class=\"a_GcMg font-feature-liga-off font-feature-clig-off font-feature-calt-off text-decoration-none text-strikethrough-none\">21. Complete Hairstrokes Procedure from A to Z<\/span><\/p>\n<\/div>\n<\/div>\n<\/div><\/div>\n<\/section><section class=\"bde-section-1506-146 bde-section\">\n  \n  \n\t\n\n\n\n<div class=\"section-container\"><div class=\"bde-div-1506-147 bde-div\">\n  \n  \n\t\n\n\n\n<div class=\"bde-rich-text-1506-148 bde-rich-text breakdance-rich-text-styles\">\n<h3 class=\"cvGsUA direction-ltr align-center para-style-body\"><span class=\"a_GcMg font-feature-liga-off font-feature-clig-off font-feature-calt-off text-decoration-none text-strikethrough-none\">ACCESS DURATION<\/span><\/h3><p class=\"cvGsUA direction-ltr align-center para-style-body\"><span class=\"a_GcMg font-feature-liga-off font-feature-clig-off font-feature-calt-off text-decoration-none text-strikethrough-none\">After purchase, you will have access to the online course for a period of <\/span><strong><span class=\"a_GcMg font-feature-liga-off font-feature-clig-off font-feature-calt-off text-decoration-none text-strikethrough-none\">6 months<\/span><\/strong><span class=\"a_GcMg font-feature-liga-off font-feature-clig-off font-feature-calt-off text-decoration-none text-strikethrough-none\"> from the date of purchase. After this period, access to the course will be automatically DEACTIVATED.<\/span><\/p>\n<\/div>\n<\/div><div class=\"bde-div-1506-151 bde-div\">\n  \n  \n\t\n\n\n\n<div class=\"bde-text-1506-149 bde-text\">\nPrice\n<\/div><div class=\"bde-text-1506-150 bde-text\">\n\u20ac990 + VAT\n<\/div>\n<\/div><\/div>\n<\/section><section class=\"bde-section-1506-152 bde-section\">\n  \n  \n\t\n\n\n\n<div class=\"section-container\"><div class=\"bde-button-1506-153 bde-button\">\n    \n                        \n                        \n    \n    \n    \n    \n            \n                    \n            \n            \n\n    \n    \n    \n    \n    \n    <a class=\"breakdance-link button-atom button-atom--custom bde-button__button\" href=\"https:\/\/kybrows.eu\/en\/kurzy\/online-kurz-hairstrokes\/\" target=\"_self\" data-type=\"url\"  >\n\n    \n        <span class=\"button-atom__text\">Purchase the course<\/span>\n\n        \n        \n                <\/a>\n\n    \n\n\n<\/div><\/div>\n<\/section><section class=\"bde-section-1506-154 bde-section\">\n  \n  \n\t\n\n\n\n<div class=\"section-container\"><div class=\"bde-simple-testimonial-1506-155 bde-simple-testimonial\">\n\n\n\n    \n    \n\n\n\n    <div class='simple-testimonial__quote'>\n        <blockquote >\n            I\u2019m thrilled! My new eyebrows look natural, perfectly shaped, and I finally don\u2019t have to spend time doing makeup every morning. The procedure was completely painless, and the result exceeded my expectations. Huge thanks to the entire team for their professional approach and the pleasant atmosphere in the salon. I definitely recommend it to anyone who wants to look great and feel confident!\n        <\/blockquote>\n\n        \n            \n            \n                                <svg class='simple-testimonial__quote-mark left-icon' xmlns=\"http:\/\/www.w3.org\/2000\/svg\" viewbox=\"0 0 200 200\">\n        <path d=\"M161.017 14C181.988 14 199 31.501 199 53.094c0 21.58-17.012 39.094-37.983 39.094-37.97 0-12.661 75.568 37.983 75.568V186c-90.386.013-125.803-172-37.983-172ZM51.6 14c20.959 0 37.97 17.501 37.97 39.094 0 21.58-17.011 39.094-37.97 39.094-37.983 0-12.674 75.568 37.97 75.568V186C-.802 186.013-36.22 14 51.6 14Z\" fill=\"currentColor\"\/>\n    <\/svg>\n    <svg class='simple-testimonial__quote-mark right-icon' xmlns=\"http:\/\/www.w3.org\/2000\/svg\" viewbox=\"0 0 200 200\">\n        <path d=\"M161.017 14C181.988 14 199 31.501 199 53.094c0 21.58-17.012 39.094-37.983 39.094-37.97 0-12.661 75.568 37.983 75.568V186c-90.386.013-125.803-172-37.983-172ZM51.6 14c20.959 0 37.97 17.501 37.97 39.094 0 21.58-17.011 39.094-37.97 39.094-37.983 0-12.674 75.568 37.97 75.568V186C-.802 186.013-36.22 14 51.6 14Z\" fill=\"currentColor\"\/>\n    <\/svg>\n\n            \n            \n            \n        \n    <\/div>\n\n\n\n\n\n\n<\/div><\/div>\n<\/section>","protected":false},"excerpt":{"rendered":"<p>Online kurz &#8211; Hairstrokes vl\u00e1skov\u00e1 technika O technike Modern\u00e1 PMU technika, ktor\u00e1 pos\u00fava obo\u010die na \u00farove\u0148 dokonal\u00e9ho realizmu. Prec\u00edzna pr\u00e1ca so stroj\u010dekom umo\u017e\u0148uje vytv\u00e1ra\u0165 jemn\u00e9 ch\u013apky, ktor\u00e9 sa prirodzene prep\u00e1jaj\u00fa s existuj\u00facim obo\u010d\u00edm, p\u00f4sobia \u013eahko, vzdu\u0161ne a v\u00fdrazne zjem\u0148uj\u00fa a omladzuj\u00fa tv\u00e1r. Ide o techniku, ktor\u00e1 efekt\u00edvne rie\u0161i asymetriu, tvar aj hustotu a pr\u00e1vom patr\u00ed [&hellip;]<\/p>\n","protected":false},"author":1,"featured_media":0,"parent":0,"menu_order":0,"comment_status":"closed","ping_status":"closed","template":"","meta":{"_breakdance_hide_in_design_set":false,"_breakdance_tags":"","footnotes":""},"class_list":["post-1506","page","type-page","status-publish","hentry"],"_links":{"self":[{"href":"https:\/\/kybrows.eu\/en\/wp-json\/wp\/v2\/pages\/1506","targetHints":{"allow":["GET"]}}],"collection":[{"href":"https:\/\/kybrows.eu\/en\/wp-json\/wp\/v2\/pages"}],"about":[{"href":"https:\/\/kybrows.eu\/en\/wp-json\/wp\/v2\/types\/page"}],"author":[{"embeddable":true,"href":"https:\/\/kybrows.eu\/en\/wp-json\/wp\/v2\/users\/1"}],"replies":[{"embeddable":true,"href":"https:\/\/kybrows.eu\/en\/wp-json\/wp\/v2\/comments?post=1506"}],"version-history":[{"count":4,"href":"https:\/\/kybrows.eu\/en\/wp-json\/wp\/v2\/pages\/1506\/revisions"}],"predecessor-version":[{"id":8994,"href":"https:\/\/kybrows.eu\/en\/wp-json\/wp\/v2\/pages\/1506\/revisions\/8994"}],"wp:attachment":[{"href":"https:\/\/kybrows.eu\/en\/wp-json\/wp\/v2\/media?parent=1506"}],"curies":[{"name":"wp","href":"https:\/\/api.w.org\/{rel}","templated":true}]}}