{"id":1508,"date":"2026-02-05T13:33:27","date_gmt":"2026-02-05T13:33:27","guid":{"rendered":"https:\/\/uplift.kybrows.eu\/?page_id=1508"},"modified":"2026-02-23T14:56:00","modified_gmt":"2026-02-23T12:56:00","slug":"powder-brows","status":"publish","type":"page","link":"https:\/\/kybrows.eu\/en\/pudrova-technika\/","title":{"rendered":"POWDER BROWS"},"content":{"rendered":"<section class=\"bde-section-1508-100 bde-section\">\n  \n  \n\t\n\n\n\n<div class=\"section-container\"><div class=\"bde-div-1508-101 bde-div page-title\">\n  \n  \n\t\n\n\n\n<h1 class=\"bde-dual-heading-1508-102 bde-dual-heading special-title translation-block\"><span data-style=\"primary\" class=\"dual-heading--primary\">Online course - Powder brows<\/span><\/h1>\n<\/div><\/div>\n<\/section><section class=\"bde-section-1508-103 bde-section\">\n  \n  \n\t\n\n\n\n<div class=\"section-container\"><div class=\"bde-columns-1508-104 bde-columns\"><div class=\"bde-column-1508-105 bde-column\">\n  \n  \n\t\n\n\n\n<h2 class=\"bde-heading-1508-106 bde-heading\">\nAbout the technique\n<\/h2><div class=\"bde-rich-text-1508-107 bde-rich-text breakdance-rich-text-styles\">\n<p class=\"cvGsUA direction-ltr align-end para-style-body translation-block\">The powder technique is a modern PMU method for clients who prefer a defined and polished brow look. Using specific machine movements, a play of shadows (pixels) is created across the entire brow area. In the course, you will learn multiple variations of powder brows\u2014from an ombr\u00e9 effect with smooth color transitions, to a defined lower line, and even a soft, airy powder look. This technique is suitable for all skin types and provides a safe alternative to hair-stroke brows.\nIn the online course, you will master a unique brow-measuring system with clear rules, allowing you to create a harmonious shape that stands out from classic templates.<\/p>\n<\/div>\n<\/div><div class=\"bde-column-1508-108 bde-column\">\n  \n  \n\t\n\n\n\n<img decoding=\"async\" class=\"bde-image2-1508-109 bde-image2\" src=\"https:\/\/uplift.kybrows.eu\/wp-content\/uploads\/2026\/02\/Screenshot-2026-02-03-at-14.17.12.png\" loading=\"lazy\" srcset=\"https:\/\/uplift.kybrows.eu\/wp-content\/uploads\/2026\/02\/Screenshot-2026-02-03-at-14.17.12.png 900w, https:\/\/uplift.kybrows.eu\/wp-content\/uploads\/2026\/02\/Screenshot-2026-02-03-at-14.17.12-300x145.png 300w, https:\/\/uplift.kybrows.eu\/wp-content\/uploads\/2026\/02\/Screenshot-2026-02-03-at-14.17.12-768x372.png 768w, https:\/\/uplift.kybrows.eu\/wp-content\/uploads\/2026\/02\/Screenshot-2026-02-03-at-14.17.12-600x291.png 600w\" sizes=\"(max-width: 900px) 100vw, 900px\">\n<\/div><\/div><div class=\"bde-columns-1508-110 bde-columns\"><div class=\"bde-column-1508-111 bde-column\">\n  \n  \n\t\n\n\n\n<img decoding=\"async\" class=\"bde-image2-1508-112 bde-image2\" src=\"https:\/\/uplift.kybrows.eu\/wp-content\/uploads\/2026\/02\/Screenshot-2026-02-03-at-14.23.22.png\" loading=\"lazy\" srcset=\"https:\/\/uplift.kybrows.eu\/wp-content\/uploads\/2026\/02\/Screenshot-2026-02-03-at-14.23.22.png 598w, https:\/\/uplift.kybrows.eu\/wp-content\/uploads\/2026\/02\/Screenshot-2026-02-03-at-14.23.22-199x300.png 199w\" sizes=\"(max-width: 598px) 100vw, 598px\"><div class=\"bde-div-1508-120 bde-div\">\n  \n  \n\t\n\n\n\n<div class=\"bde-text-1508-121 bde-text\">\nOnline\n<\/div>\n<\/div>\n<\/div><div class=\"bde-column-1508-113 bde-column\">\n  \n  \n\t\n\n\n\n<h2 class=\"bde-heading-1508-114 bde-heading\">\nAbout the course\n<\/h2><div class=\"bde-rich-text-1508-115 bde-rich-text breakdance-rich-text-styles\">\n<p><span class=\"a_GcMg font-feature-liga-off font-feature-clig-off font-feature-calt-off text-decoration-none text-strikethrough-none\">The online course is designed for both beginners and advanced PMU artists and is divided <\/span><strong><span class=\"a_GcMg font-feature-liga-off font-feature-clig-off font-feature-calt-off text-decoration-none text-strikethrough-none\">into three<\/span><\/strong><span class=\"a_GcMg font-feature-liga-off font-feature-clig-off font-feature-calt-off text-decoration-none text-strikethrough-none\"> clear sections:<\/span><\/p>\n<\/div><div class=\"bde-rich-text-1508-116 bde-rich-text breakdance-rich-text-styles\">\n<h3 class=\"cvGsUA direction-ltr align-justify para-style-body\"><span class=\"a_GcMg font-feature-liga-off font-feature-clig-off font-feature-calt-off text-decoration-none text-strikethrough-none\">Part 1 - Theory<\/span><\/h3><p class=\"cvGsUA direction-ltr align-start para-style-body translation-block\">Video lessons focused on comprehensive theoretical preparation for performing PMU, suitable for learning new skills or deepening existing knowledge.<\/p>\n<\/div><div class=\"bde-rich-text-1508-117 bde-rich-text breakdance-rich-text-styles\">\n<h3 class=\"cvGsUA direction-ltr align-justify para-style-body\"><span class=\"a_GcMg font-feature-liga-off font-feature-clig-off font-feature-calt-off text-decoration-none text-strikethrough-none\">Part 2 - Practice<\/span><\/h3><p class=\"cvGsUA direction-ltr align-start para-style-body\"><span class=\"a_GcMg font-feature-liga-off font-feature-clig-off font-feature-calt-off text-decoration-none text-strikethrough-none\">Step-by-step practical video tutorials where you will learn the correct application of the powder technique.<\/span><\/p>\n<\/div><div class=\"bde-rich-text-1508-118 bde-rich-text breakdance-rich-text-styles\">\n<h3 class=\"cvGsUA direction-ltr align-justify para-style-body\"><span class=\"a_GcMg font-feature-liga-off font-feature-clig-off font-feature-calt-off text-decoration-none text-strikethrough-none\">PART 3 \u2013 Schemes &amp; patterns<\/span><\/h3><p class=\"cvGsUA direction-ltr align-start para-style-body\"><span class=\"a_GcMg font-feature-liga-off font-feature-clig-off font-feature-calt-off text-decoration-none text-strikethrough-none\">Downloadable schemes and patterns for different brow types, designed to make practice easier and accelerate your progress.<\/span><\/p>\n<\/div><div class=\"bde-rich-text-1508-119 bde-rich-text breakdance-rich-text-styles\">\n<h3 class=\"cvGsUA direction-ltr align-justify para-style-body\"><span class=\"a_GcMg font-feature-liga-off font-feature-clig-off font-feature-calt-off text-decoration-none text-strikethrough-none\">Certificate<\/span><\/h3><p class=\"cvGsUA direction-ltr align-start para-style-body\"><span class=\"a_GcMg font-feature-liga-off font-feature-clig-off font-feature-calt-off text-decoration-none text-strikethrough-none\">Upon successful completion of the course, you will receive a certificate confirming your new skills and expertise.<\/span><\/p>\n<\/div>\n<\/div><\/div><\/div>\n<\/section><section class=\"bde-section-1508-122 bde-section\">\n  \n  \n\t\n\n\n\n<div class=\"section-container\"><h2 class=\"bde-heading-1508-123 bde-heading\">\nContent\n<\/h2><div class=\"bde-div-1508-124 bde-div\">\n  \n  \n\t\n\n\n\n<div class=\"bde-div-1508-125 bde-div\">\n  \n  \n\t\n\n\n\n<div class=\"bde-rich-text-1508-126 bde-rich-text breakdance-rich-text-styles\">\n<h3 class=\"cvGsUA direction-ltr align-end para-style-body translation-block\"><span class=\"a_GcMg font-feature-liga-off font-feature-clig-off font-feature-calt-off text-decoration-none text-strikethrough-none\">Video Tutorial<br><\/span><strong><span class=\"a_GcMg font-feature-liga-off font-feature-clig-off font-feature-calt-off text-decoration-none text-strikethrough-none\">Theoretical Section<\/span><\/strong><\/h3><p class=\"cvGsUA direction-ltr align-end para-style-body\"><span class=\"a_GcMg font-feature-liga-off font-feature-clig-off font-feature-calt-off text-decoration-none text-strikethrough-none\">1. Skin Types<\/span><\/p><p class=\"cvGsUA direction-ltr align-end para-style-body\"><span class=\"a_GcMg font-feature-liga-off font-feature-clig-off font-feature-calt-off text-decoration-none text-strikethrough-none\">2. Phototypes<\/span><\/p><p class=\"cvGsUA direction-ltr align-end para-style-body\"><span class=\"a_GcMg font-feature-liga-off font-feature-clig-off font-feature-calt-off text-decoration-none text-strikethrough-none\">3. Skin Layers<\/span><\/p><p class=\"cvGsUA direction-ltr align-end para-style-body\"><span class=\"a_GcMg font-feature-liga-off font-feature-clig-off font-feature-calt-off text-decoration-none text-strikethrough-none\">4. Skin Healing<\/span><\/p><p class=\"cvGsUA direction-ltr align-end para-style-body\"><span class=\"a_GcMg font-feature-liga-off font-feature-clig-off font-feature-calt-off text-decoration-none text-strikethrough-none\">5. Effects of UV Radiation<\/span><\/p><p class=\"cvGsUA direction-ltr align-end para-style-body\"><span class=\"a_GcMg font-feature-liga-off font-feature-clig-off font-feature-calt-off text-decoration-none text-strikethrough-none\">6. Pigments<\/span><\/p><p class=\"cvGsUA direction-ltr align-end para-style-body\"><span class=\"a_GcMg font-feature-liga-off font-feature-clig-off font-feature-calt-off text-decoration-none text-strikethrough-none\">7. Pigments in the Skin<\/span><\/p><p class=\"cvGsUA direction-ltr align-end para-style-body\"><span class=\"a_GcMg font-feature-liga-off font-feature-clig-off font-feature-calt-off text-decoration-none text-strikethrough-none\">8. Color Theory<\/span><\/p><p class=\"cvGsUA direction-ltr align-end para-style-body\"><span class=\"a_GcMg font-feature-liga-off font-feature-clig-off font-feature-calt-off text-decoration-none text-strikethrough-none\">9. Machines<\/span><\/p><p class=\"cvGsUA direction-ltr align-end para-style-body\"><span class=\"a_GcMg font-feature-liga-off font-feature-clig-off font-feature-calt-off text-decoration-none text-strikethrough-none\">10. Cartridges &amp; Needles<\/span><\/p><p class=\"cvGsUA direction-ltr align-end para-style-body\"><span class=\"a_GcMg font-feature-liga-off font-feature-clig-off font-feature-calt-off text-decoration-none text-strikethrough-none\">11. Hand Positioning from a Physiotherapist\u2019s Perspective<\/span><\/p><p class=\"cvGsUA direction-ltr align-end para-style-body\"><span class=\"a_GcMg font-feature-liga-off font-feature-clig-off font-feature-calt-off text-decoration-none text-strikethrough-none\">12. Dermatology, Alopecia, Laser<\/span><\/p><p class=\"cvGsUA direction-ltr align-end para-style-body\"><span class=\"a_GcMg font-feature-liga-off font-feature-clig-off font-feature-calt-off text-decoration-none text-strikethrough-none\">13. Hygiene<\/span><\/p>\n<\/div>\n<\/div><div class=\"bde-div-1508-127 bde-div\">\n  \n  \n\t\n\n\n\n<div class=\"bde-rich-text-1508-128 bde-rich-text breakdance-rich-text-styles\">\n<h3 class=\"cvGsUA direction-ltr align-end para-style-body\"><span class=\"a_GcMg font-feature-liga-off font-feature-clig-off font-feature-calt-off text-decoration-none text-strikethrough-none\">Video Tutorial<br \/><\/span><strong><span class=\"a_GcMg font-feature-liga-off font-feature-clig-off font-feature-calt-off text-decoration-none text-strikethrough-none\">Practical Section<\/span><\/strong><\/h3><p class=\"cvGsUA direction-ltr align-start para-style-body\"><span class=\"a_GcMg font-feature-liga-off font-feature-clig-off font-feature-calt-off text-decoration-none text-strikethrough-none\">1. Pendulum Movements Toward Yourself<\/span><\/p><p class=\"cvGsUA direction-ltr align-start para-style-body\"><span class=\"a_GcMg font-feature-liga-off font-feature-clig-off font-feature-calt-off text-decoration-none text-strikethrough-none\">2. Pendulum Movements Away from Yourself<\/span><\/p><p class=\"cvGsUA direction-ltr align-start para-style-body\"><span class=\"a_GcMg font-feature-liga-off font-feature-clig-off font-feature-calt-off text-decoration-none text-strikethrough-none\">3. Pendulum Movements Back and Forth<\/span><\/p><p class=\"cvGsUA direction-ltr align-start para-style-body\"><span class=\"a_GcMg font-feature-liga-off font-feature-clig-off font-feature-calt-off text-decoration-none text-strikethrough-none\">4. Hand Movements &amp; Crossing Technique<\/span><\/p><p class=\"cvGsUA direction-ltr align-start para-style-body\"><span class=\"a_GcMg font-feature-liga-off font-feature-clig-off font-feature-calt-off text-decoration-none text-strikethrough-none\">5. Exercise \u2013 Short \/ Medium \/ Long Strokes<\/span><\/p><p class=\"cvGsUA direction-ltr align-start para-style-body\"><span class=\"a_GcMg font-feature-liga-off font-feature-clig-off font-feature-calt-off text-decoration-none text-strikethrough-none\">6. Playing with Pigment Intensity<\/span><\/p><p class=\"cvGsUA direction-ltr align-start para-style-body\"><span class=\"a_GcMg font-feature-liga-off font-feature-clig-off font-feature-calt-off text-decoration-none text-strikethrough-none\">7. Fine Motor Skills<\/span><\/p><p class=\"cvGsUA direction-ltr align-start para-style-body\"><span class=\"a_GcMg font-feature-liga-off font-feature-clig-off font-feature-calt-off text-decoration-none text-strikethrough-none\">8. \u201cWhere There\u2019s a Will, There\u2019s a Way\u201d<\/span><\/p><p class=\"cvGsUA direction-ltr align-start para-style-body\"><span class=\"a_GcMg font-feature-liga-off font-feature-clig-off font-feature-calt-off text-decoration-none text-strikethrough-none\">9. Complete Powder Practice on Latex<\/span><\/p><p class=\"cvGsUA direction-ltr align-start para-style-body\"><span class=\"a_GcMg font-feature-liga-off font-feature-clig-off font-feature-calt-off text-decoration-none text-strikethrough-none\">10. Complete Powder Procedure from A to Z<\/span><\/p>\n<\/div>\n<\/div>\n<\/div><\/div>\n<\/section><section class=\"bde-section-1508-129 bde-section\">\n  \n  \n\t\n\n\n\n<div class=\"section-container\"><div class=\"bde-div-1508-130 bde-div\">\n  \n  \n\t\n\n\n\n<div class=\"bde-rich-text-1508-131 bde-rich-text breakdance-rich-text-styles\">\n<h3 class=\"cvGsUA direction-ltr align-center para-style-body\"><span class=\"a_GcMg font-feature-liga-off font-feature-clig-off font-feature-calt-off text-decoration-none text-strikethrough-none\">ACCESS DURATION<\/span><\/h3><p class=\"cvGsUA direction-ltr align-center para-style-body\"><span class=\"a_GcMg font-feature-liga-off font-feature-clig-off font-feature-calt-off text-decoration-none text-strikethrough-none\">After purchase, you will have access to the online course for a period of <\/span><strong><span class=\"a_GcMg font-feature-liga-off font-feature-clig-off font-feature-calt-off text-decoration-none text-strikethrough-none\">6 months<\/span><\/strong><span class=\"a_GcMg font-feature-liga-off font-feature-clig-off font-feature-calt-off text-decoration-none text-strikethrough-none\"> from the date of purchase. After this period, access to the course will be automatically DEACTIVATED.<\/span><\/p>\n<\/div>\n<\/div><div class=\"bde-div-1508-132 bde-div\">\n  \n  \n\t\n\n\n\n<div class=\"bde-text-1508-133 bde-text\">\nPrice\n<\/div><div class=\"bde-text-1508-134 bde-text\">\n\u20ac890 + VAT\n<\/div>\n<\/div><\/div>\n<\/section><section class=\"bde-section-1508-135 bde-section\">\n  \n  \n\t\n\n\n\n<div class=\"section-container\"><div class=\"bde-button-1508-136 bde-button\">\n    \n                        \n                        \n    \n    \n    \n    \n            \n                    \n            \n            \n\n    \n    \n    \n    \n    \n    <a class=\"breakdance-link button-atom button-atom--custom bde-button__button\" href=\"https:\/\/kybrows.eu\/en\/kurzy\/online-kurz-powder-brows\/\" target=\"_self\" data-type=\"url\"  >\n\n    \n        <span class=\"button-atom__text\">Purchase the course<\/span>\n\n        \n        \n                <\/a>\n\n    \n\n\n<\/div><\/div>\n<\/section><section class=\"bde-section-1508-137 bde-section\">\n  \n  \n\t\n\n\n\n<div class=\"section-container\"><div class=\"bde-simple-testimonial-1508-138 bde-simple-testimonial\">\n\n\n\n    \n    \n\n\n\n    <div class='simple-testimonial__quote'>\n        <blockquote >\n            I\u2019m thrilled! My new eyebrows look natural, perfectly shaped, and I finally don\u2019t have to spend time doing makeup every morning. The procedure was completely painless, and the result exceeded my expectations. Huge thanks to the entire team for their professional approach and the pleasant atmosphere in the salon. I definitely recommend it to anyone who wants to look great and feel confident!\n        <\/blockquote>\n\n        \n            \n            \n                                <svg class='simple-testimonial__quote-mark left-icon' xmlns=\"http:\/\/www.w3.org\/2000\/svg\" viewbox=\"0 0 200 200\">\n        <path d=\"M161.017 14C181.988 14 199 31.501 199 53.094c0 21.58-17.012 39.094-37.983 39.094-37.97 0-12.661 75.568 37.983 75.568V186c-90.386.013-125.803-172-37.983-172ZM51.6 14c20.959 0 37.97 17.501 37.97 39.094 0 21.58-17.011 39.094-37.97 39.094-37.983 0-12.674 75.568 37.97 75.568V186C-.802 186.013-36.22 14 51.6 14Z\" fill=\"currentColor\"\/>\n    <\/svg>\n    <svg class='simple-testimonial__quote-mark right-icon' xmlns=\"http:\/\/www.w3.org\/2000\/svg\" viewbox=\"0 0 200 200\">\n        <path d=\"M161.017 14C181.988 14 199 31.501 199 53.094c0 21.58-17.012 39.094-37.983 39.094-37.97 0-12.661 75.568 37.983 75.568V186c-90.386.013-125.803-172-37.983-172ZM51.6 14c20.959 0 37.97 17.501 37.97 39.094 0 21.58-17.011 39.094-37.97 39.094-37.983 0-12.674 75.568 37.97 75.568V186C-.802 186.013-36.22 14 51.6 14Z\" fill=\"currentColor\"\/>\n    <\/svg>\n\n            \n            \n            \n        \n    <\/div>\n\n\n\n\n\n\n<\/div><\/div>\n<\/section>","protected":false},"excerpt":{"rendered":"<p>Online kurz &#8211; P\u00fadrov\u00e1 technika O technike P\u00fadrov\u00e1 technika je modern\u00e1 PMU technika pre klientky, ktor\u00e9 uprednost\u0148uj\u00fa zadefinovan\u00fd a upraven\u00fd vzh\u013ead obo\u010dia. Pomocou \u0161pecifick\u00fdch pohybov so stroj\u010dekom sa vytv\u00e1ra hra tie\u0148ov (pixelov) po celej ploche obo\u010dia. Na kurze sa nau\u010d\u00edte viacero variantov powder obo\u010dia, od ombr\u00e9 efektu s plynul\u00fdm prechodom farieb, cez zadefinovan\u00fa spodn\u00fa l\u00edniu, [&hellip;]<\/p>\n","protected":false},"author":1,"featured_media":0,"parent":0,"menu_order":0,"comment_status":"closed","ping_status":"closed","template":"","meta":{"_breakdance_hide_in_design_set":false,"_breakdance_tags":"","footnotes":""},"class_list":["post-1508","page","type-page","status-publish","hentry"],"_links":{"self":[{"href":"https:\/\/kybrows.eu\/en\/wp-json\/wp\/v2\/pages\/1508","targetHints":{"allow":["GET"]}}],"collection":[{"href":"https:\/\/kybrows.eu\/en\/wp-json\/wp\/v2\/pages"}],"about":[{"href":"https:\/\/kybrows.eu\/en\/wp-json\/wp\/v2\/types\/page"}],"author":[{"embeddable":true,"href":"https:\/\/kybrows.eu\/en\/wp-json\/wp\/v2\/users\/1"}],"replies":[{"embeddable":true,"href":"https:\/\/kybrows.eu\/en\/wp-json\/wp\/v2\/comments?post=1508"}],"version-history":[{"count":3,"href":"https:\/\/kybrows.eu\/en\/wp-json\/wp\/v2\/pages\/1508\/revisions"}],"predecessor-version":[{"id":8995,"href":"https:\/\/kybrows.eu\/en\/wp-json\/wp\/v2\/pages\/1508\/revisions\/8995"}],"wp:attachment":[{"href":"https:\/\/kybrows.eu\/en\/wp-json\/wp\/v2\/media?parent=1508"}],"curies":[{"name":"wp","href":"https:\/\/api.w.org\/{rel}","templated":true}]}}