{"id":8716,"date":"2026-01-09T13:36:51","date_gmt":"2026-01-09T13:36:51","guid":{"rendered":"https:\/\/uplift.kybrows.eu\/?page_id=1142"},"modified":"2026-02-23T22:37:10","modified_gmt":"2026-02-23T20:37:10","slug":"pricing","status":"publish","type":"page","link":"https:\/\/kybrows.eu\/en\/cennik\/","title":{"rendered":"Pricing"},"content":{"rendered":"<section class=\"bde-section-8716-100 bde-section\">\n  \n  \n\t\n\n\n\n<div class=\"section-container\"><div class=\"bde-div-8716-101 bde-div page-title\">\n  \n  \n\t\n\n\n\n<h1 class=\"bde-heading-8716-167 bde-heading special-title\">\nPricing\n<\/h1>\n<\/div><\/div>\n<\/section><section class=\"bde-section-8716-443 bde-section\">\n  \n  \n\t\n\n\n\n<div class=\"section-container\"><div class=\"bde-columns-8716-444 bde-columns\"><div class=\"bde-column-8716-445 bde-column\">\n  \n  \n\t\n\n\n\n<div class=\"bde-div-8716-447 bde-div\">\n  \n  \n\t\n\n\n\n<div class=\"bde-div-8716-448 bde-div\">\n  \n  \n\t\n\n\n\n<div class=\"bde-div-8716-449 bde-div page-title\">\n  \n  \n\t\n\n\n\n<h2 class=\"bde-heading-8716-450 bde-heading special-title\">\nPermanent make-up\n<\/h2>\n<\/div><div class=\"bde-div-8716-451 bde-div\">\n  \n  \n\t\n\n\n\n<div class=\"bde-div-8716-452 bde-div\">\n  \n  \n\t\n\n\n\n<div class=\"bde-div-8716-453 bde-div\">\n  \n  \n\t\n\n\n\n<h3 class=\"bde-heading-8716-454 bde-heading\">\nHairstrokes Technique\n<\/h3><div class=\"bde-text-8716-455 bde-text\">\nKaty: \u20ac350<br>Alica: \u20ac300<br>S\u00e1ra: \u20ac270\n<\/div>\n<\/div><div class=\"bde-div-8716-456 bde-div\">\n  \n  \n\t\n\n\n\n<h3 class=\"bde-heading-8716-457 bde-heading\">\nPOWDER BROWS\n<\/h3><div class=\"bde-text-8716-458 bde-text\">\nKaty: \u20ac350<br>Alica: \u20ac300<br>S\u00e1ra: \u20ac270\n<\/div>\n<\/div><div class=\"bde-div-8716-459 bde-div\">\n  \n  \n\t\n\n\n\n<h3 class=\"bde-heading-8716-460 bde-heading\">\nLips\n<\/h3><div class=\"bde-text-8716-461 bde-text\">\nKaty: \u20ac350<br>Alica: \u20ac300\n<\/div>\n<\/div>\n<\/div><div class=\"bde-div-8716-462 bde-div\">\n  \n  \n\t\n\n\n\n<div class=\"bde-div-8716-463 bde-div\">\n  \n  \n\t\n\n\n\n<div class=\"bde-div-8716-464 bde-div\">\n  \n  \n\t\n\n\n\n<h3 class=\"bde-heading-8716-465 bde-heading\">\nFreckles\n<\/h3><div class=\"bde-text-8716-466 bde-text\">\nKaty: \u20ac300\n<\/div>\n<\/div><div class=\"bde-div-8716-467 bde-div\">\n  \n  \n\t\n\n\n\n<h3 class=\"bde-heading-8716-468 bde-heading\">\nEyeliner\n<\/h3><div class=\"bde-text-8716-469 bde-text\">\nKaty: \u20ac300\n<\/div>\n<\/div><div class=\"bde-div-8716-473 bde-div\">\n  \n  \n\t\n\n\n\n<h3 class=\"bde-heading-8716-474 bde-heading\">\nPMU Correction\n<\/h3><div class=\"bde-text-8716-475 bde-text\">\nwithin 3 months of application <br>\u20ac70\n<\/div>\n<\/div>\n<\/div>\n<\/div>\n<\/div><div class=\"bde-div-8716-476 bde-div\">\n  \n  \n\t\n\n\n\n<div class=\"bde-button-8716-477 bde-button\">\n    \n                        \n                        \n    \n    \n    \n    \n            \n                    \n            \n            \n\n    \n    \n    \n    \n    \n    <a class=\"breakdance-link button-atom button-atom--custom bde-button__button\" href=\"https:\/\/services.bookio.com\/kybrows-studio\/widget?lang=sk\" target=\"_blank\" data-type=\"url\"  >\n\n    \n        <span class=\"button-atom__text\">book an appointment<\/span>\n\n        \n        \n                <\/a>\n\n    \n\n\n<\/div>\n<\/div>\n<\/div><div class=\"bde-div-8716-478 bde-div\">\n  \n  \n\t\n\n\n\n<div class=\"bde-div-8716-479 bde-div page-title\">\n  \n  \n\t\n\n\n\n<h2 class=\"bde-heading-8716-480 bde-heading special-title\">\nPMU LASER Removal\n<\/h2>\n<\/div><div class=\"bde-div-8716-481 bde-div\">\n  \n  \n\t\n\n\n\n<div class=\"bde-div-8716-482 bde-div\">\n  \n  \n\t\n\n\n\n<h3 class=\"bde-heading-8716-483 bde-heading\">\nPMU Laser Removal\n<\/h3><div class=\"bde-text-8716-484 bde-text\">\nFirst session: \u20ac100<br>Second session: \u20ac90<br>Third session: \u20ac80<br>Each additional session: \u20ac80\n<\/div>\n<\/div><div class=\"bde-div-8716-485 bde-div\">\n  \n  \n\t\n\n\n\n<h3 class=\"bde-heading-8716-486 bde-heading\">\nTattoo Removal\n<\/h3><div class=\"bde-text-8716-487 bde-text\">\nPrice: by agreement\n<\/div>\n<\/div>\n<\/div><div class=\"bde-div-8716-488 bde-div\">\n  \n  \n\t\n\n\n\n<div class=\"bde-button-8716-489 bde-button\">\n    \n                        \n                        \n    \n    \n    \n    \n            \n                    \n            \n            \n\n    \n    \n    \n    \n    \n    <a class=\"breakdance-link button-atom button-atom--custom bde-button__button\" href=\"https:\/\/services.bookio.com\/kybrows-studio\/widget?lang=sk\" target=\"_blank\" data-type=\"url\"  >\n\n    \n        <span class=\"button-atom__text\">book an appointment<\/span>\n\n        \n        \n                <\/a>\n\n    \n\n\n<\/div>\n<\/div>\n<\/div><div class=\"bde-div-8716-490 bde-div\">\n  \n  \n\t\n\n\n\n<div class=\"bde-div-8716-491 bde-div page-title\">\n  \n  \n\t\n\n\n\n<h2 class=\"bde-heading-8716-492 bde-heading special-title\">\nMake-up\n<\/h2>\n<\/div><div class=\"bde-div-8716-493 bde-div\">\n  \n  \n\t\n\n\n\n<div class=\"bde-text-8716-494 bde-text\">\nDaytime: \u20ac40<br>Evening: \u20ac50<br>Fitness: \u20ac60<br>Bridal Trial: \u20ac40<br>Wedding Day: \u20ac60\n<\/div>\n<\/div><div class=\"bde-div-8716-495 bde-div\">\n  \n  \n\t\n\n\n\n<div class=\"bde-button-8716-496 bde-button\">\n    \n                        \n                        \n    \n    \n    \n    \n            \n                    \n            \n            \n\n    \n    \n    \n    \n    \n    <a class=\"breakdance-link button-atom button-atom--custom bde-button__button\" href=\"https:\/\/services.bookio.com\/kybrows-studio\/widget?lang=sk\" target=\"_blank\" data-type=\"url\"  >\n\n    \n        <span class=\"button-atom__text\">book an appointment<\/span>\n\n        \n        \n                <\/a>\n\n    \n\n\n<\/div>\n<\/div>\n<\/div><div class=\"bde-div-8716-497 bde-div\">\n  \n  \n\t\n\n\n\n<div class=\"bde-div-8716-498 bde-div page-title\">\n  \n  \n\t\n\n\n\n<h2 class=\"bde-heading-8716-499 bde-heading special-title\">\nFineline tattoo\n<\/h2>\n<\/div><div class=\"bde-div-8716-500 bde-div\">\n  \n  \n\t\n\n\n\n<div class=\"bde-text-8716-501 bde-text translation-block\">The price of a tattoo depends on its size, <br> placement, and complexity.<br>Minimum price starts at \u20ac30.<br><br>Examples:<br> Small: \u20ac30 \u2013 \u20ac80\n<br>Larger: \u20ac80 \u2013 \u20ac150<\/div>\n<\/div><div class=\"bde-div-8716-502 bde-div\">\n  \n  \n\t\n\n\n\n<div class=\"bde-button-8716-503 bde-button\">\n    \n                        \n                        \n    \n    \n    \n    \n            \n                    \n            \n            \n\n    \n    \n    \n    \n    \n    <a class=\"breakdance-link button-atom button-atom--custom bde-button__button\" href=\"https:\/\/services.bookio.com\/kybrows-studio\/widget?lang=sk\" target=\"_blank\" data-type=\"url\"  >\n\n    \n        <span class=\"button-atom__text\">book an appointment<\/span>\n\n        \n        \n                <\/a>\n\n    \n\n\n<\/div>\n<\/div>\n<\/div><div class=\"bde-div-8716-504 bde-div\">\n  \n  \n\t\n\n\n\n<div class=\"bde-div-8716-505 bde-div page-title\">\n  \n  \n\t\n\n\n\n<h2 class=\"bde-heading-8716-506 bde-heading special-title\">\nPiercing\n<\/h2>\n<\/div><div class=\"bde-div-8716-507 bde-div\">\n  \n  \n\t\n\n\n\n<div class=\"bde-div-8716-508 bde-div\">\n  \n  \n\t\n\n\n\n<div class=\"bde-div-8716-509 bde-div\">\n  \n  \n\t\n\n\n\n<div class=\"bde-div-8716-510 bde-div\">\n  \n  \n\t\n\n\n\n<h3 class=\"bde-heading-8716-511 bde-heading\">\nEar\n<\/h3><div class=\"bde-text-8716-512 bde-text\">\nLobe: \u20ac30<br>Industrial: \u20ac60<br>Rook: \u20ac60<br>Daith: \u20ac60<br>Other: \u20ac55<br>(Helix, Tragus, Conch\u2026)\n<\/div>\n<\/div>\n<\/div><div class=\"bde-div-8716-513 bde-div\">\n  \n  \n\t\n\n\n\n<div class=\"bde-div-8716-514 bde-div\">\n  \n  \n\t\n\n\n\n<div class=\"bde-div-8716-515 bde-div\">\n  \n  \n\t\n\n\n\n<h3 class=\"bde-heading-8716-516 bde-heading\">\nNose\n<\/h3><div class=\"bde-text-8716-517 bde-text\">\nNostril: \u20ac40<br>Septum: \u20ac55\n<\/div><div class=\"bde-text-8716-518 bde-text\">\nJewelry Change: \u20ac5\n<\/div>\n<\/div>\n<\/div>\n<\/div>\n<\/div><div class=\"bde-div-8716-519 bde-div\">\n  \n  \n\t\n\n\n\n<div class=\"bde-text-8716-520 bde-text\">\n* Prices include titanium piercing jewelry.<br>** All piercings are performed with a single-use needle.<br>Piercings are not pierced with a piercing gun.\n<\/div>\n<\/div>\n<\/div><div class=\"bde-div-8716-521 bde-div\">\n  \n  \n\t\n\n\n\n<div class=\"bde-button-8716-522 bde-button\">\n    \n                        \n                        \n    \n    \n    \n    \n            \n                    \n            \n            \n\n    \n    \n    \n    \n    \n    <a class=\"breakdance-link button-atom button-atom--custom bde-button__button\" href=\"https:\/\/services.bookio.com\/kybrows-studio\/widget?lang=sk\" target=\"_blank\" data-type=\"url\"  >\n\n    \n        <span class=\"button-atom__text\">book an appointment<\/span>\n\n        \n        \n                <\/a>\n\n    \n\n\n<\/div>\n<\/div>\n<\/div><div class=\"bde-div-8716-523 bde-div\">\n  \n  \n\t\n\n\n\n<div class=\"bde-div-8716-524 bde-div page-title\">\n  \n  \n\t\n\n\n\n<h2 class=\"bde-heading-8716-525 bde-heading special-title\">\nOther beauty procedures\n<\/h2>\n<\/div><div class=\"bde-div-8716-526 bde-div\">\n  \n  \n\t\n\n\n\n<div class=\"bde-text-8716-527 bde-text\">\nBrow Lamination: \u20ac35<br>Lash Lift: \u20ac35<br>Combo (Brow &amp; Lash): \u20ac60<br>Carbon Peel: \u20ac100\n<\/div>\n<\/div><div class=\"bde-div-8716-528 bde-div\">\n  \n  \n\t\n\n\n\n<div class=\"bde-button-8716-529 bde-button\">\n    \n                        \n                        \n    \n    \n    \n    \n            \n                    \n            \n            \n\n    \n    \n    \n    \n    \n    <a class=\"breakdance-link button-atom button-atom--custom bde-button__button\" href=\"https:\/\/services.bookio.com\/kybrows-studio\/widget?lang=sk\" target=\"_blank\" data-type=\"url\"  >\n\n    \n        <span class=\"button-atom__text\">book an appointment<\/span>\n\n        \n        \n                <\/a>\n\n    \n\n\n<\/div>\n<\/div>\n<\/div>\n<\/div>\n<\/div><div class=\"bde-column-8716-446 bde-column\">\n  \n  \n\t\n\n\n\n<div class=\"bde-text-8716-531 bde-text\">\nPricing\n<\/div>\n<\/div><\/div><\/div>\n<\/section><section class=\"bde-section-8716-165 bde-section\">\n  \n  \n\t\n\n\n\n<div class=\"section-container\"><div class=\"bde-simple-testimonial-8716-166 bde-simple-testimonial\">\n\n\n\n    \n    \n\n\n\n    <div class='simple-testimonial__quote'>\n        <blockquote >\n            I\u2019m thrilled! My new eyebrows look natural, perfectly shaped, and I finally don\u2019t have to spend time doing makeup every morning. The procedure was completely painless, and the result exceeded my expectations. Huge thanks to the entire team for their professional approach and the pleasant atmosphere in the salon. I definitely recommend it to anyone who wants to look great and feel confident!\n        <\/blockquote>\n\n        \n            \n            \n                                <svg class='simple-testimonial__quote-mark left-icon' xmlns=\"http:\/\/www.w3.org\/2000\/svg\" viewbox=\"0 0 200 200\">\n        <path d=\"M161.017 14C181.988 14 199 31.501 199 53.094c0 21.58-17.012 39.094-37.983 39.094-37.97 0-12.661 75.568 37.983 75.568V186c-90.386.013-125.803-172-37.983-172ZM51.6 14c20.959 0 37.97 17.501 37.97 39.094 0 21.58-17.011 39.094-37.97 39.094-37.983 0-12.674 75.568 37.97 75.568V186C-.802 186.013-36.22 14 51.6 14Z\" fill=\"currentColor\"\/>\n    <\/svg>\n    <svg class='simple-testimonial__quote-mark right-icon' xmlns=\"http:\/\/www.w3.org\/2000\/svg\" viewbox=\"0 0 200 200\">\n        <path d=\"M161.017 14C181.988 14 199 31.501 199 53.094c0 21.58-17.012 39.094-37.983 39.094-37.97 0-12.661 75.568 37.983 75.568V186c-90.386.013-125.803-172-37.983-172ZM51.6 14c20.959 0 37.97 17.501 37.97 39.094 0 21.58-17.011 39.094-37.97 39.094-37.983 0-12.674 75.568 37.97 75.568V186C-.802 186.013-36.22 14 51.6 14Z\" fill=\"currentColor\"\/>\n    <\/svg>\n\n            \n            \n            \n        \n    <\/div>\n\n\n\n\n\n\n<\/div><\/div>\n<\/section>","protected":false},"excerpt":{"rendered":"<p>Cenn\u00edk Permanentn\u00fd make-up Hairstrokes technika Katy 350 eurAlica 270 eurS\u00e1ra 270 eur P\u00fadrov\u00e1 technika Katy 350 eurAlica 270 eurS\u00e1ra 270 eur Pery Katy 350 eurAlica 300 eur Pehy Katy 300 eur Linky Katy 300 eur KOREKCIA PMU do 3 mesiacov od aplik\u00e1cie 70 eur chcem sa objedna\u0165 Odstr\u00e1nenie tetovania laserom Odstr\u00e1nenie PMU obo\u010dia prv\u00fd z\u00e1krok [&hellip;]<\/p>\n","protected":false},"author":1,"featured_media":0,"parent":0,"menu_order":0,"comment_status":"closed","ping_status":"closed","template":"","meta":{"_breakdance_hide_in_design_set":false,"_breakdance_tags":"","footnotes":""},"class_list":["post-8716","page","type-page","status-publish","hentry"],"_links":{"self":[{"href":"https:\/\/kybrows.eu\/en\/wp-json\/wp\/v2\/pages\/8716","targetHints":{"allow":["GET"]}}],"collection":[{"href":"https:\/\/kybrows.eu\/en\/wp-json\/wp\/v2\/pages"}],"about":[{"href":"https:\/\/kybrows.eu\/en\/wp-json\/wp\/v2\/types\/page"}],"author":[{"embeddable":true,"href":"https:\/\/kybrows.eu\/en\/wp-json\/wp\/v2\/users\/1"}],"replies":[{"embeddable":true,"href":"https:\/\/kybrows.eu\/en\/wp-json\/wp\/v2\/comments?post=8716"}],"version-history":[{"count":5,"href":"https:\/\/kybrows.eu\/en\/wp-json\/wp\/v2\/pages\/8716\/revisions"}],"predecessor-version":[{"id":9052,"href":"https:\/\/kybrows.eu\/en\/wp-json\/wp\/v2\/pages\/8716\/revisions\/9052"}],"wp:attachment":[{"href":"https:\/\/kybrows.eu\/en\/wp-json\/wp\/v2\/media?parent=8716"}],"curies":[{"name":"wp","href":"https:\/\/api.w.org\/{rel}","templated":true}]}}